{"id":946,"date":"2025-10-01T12:13:09","date_gmt":"2025-10-01T10:13:09","guid":{"rendered":"https:\/\/boardsideexecutivetransition.com\/?page_id=946"},"modified":"2025-10-01T12:15:28","modified_gmt":"2025-10-01T10:15:28","slug":"datenschutzerklaerung","status":"publish","type":"page","link":"https:\/\/boardsideexecutivetransition.com\/en\/datenschutzerklaerung\/","title":{"rendered":"Privacy Policy"},"content":{"rendered":"<div class=\"et_pb_section_0 et_pb_section et_section_regular et_block_section\">\n<div class=\"et_pb_row_0 et_pb_row et_pb_gutters3 et_block_row\">\n<div class=\"et_pb_column_0 et_pb_column et_pb_column_4_4 et-last-child et_block_column et_pb_css_mix_blend_mode_passthrough\">\n<div class=\"et_pb_text_0 et_pb_text et_pb_bg_layout_light et_pb_module\"><div class=\"et_pb_text_inner\"><p><!-- wp:divi\/placeholder \/--><\/p>\n<\/div><\/div>\n\n<div class=\"et_pb_heading_0 et_pb_heading et_pb_module\"><div class=\"et_pb_heading_container\"><h1 class=\"et_pb_module_header\">Privacy Policy<\/h1><\/div><\/div>\n\n<div class=\"et_pb_text_1 et_pb_text et_pb_bg_layout_light et_pb_module\"><div class=\"et_pb_text_inner\"><h3 data-start=\"175\" data-end=\"194\"><\/h3>\n<h3 data-start=\"175\" data-end=\"194\">1. General Information<\/h3>\n<p data-start=\"195\" data-end=\"602\">Nachfolgend geben wir Ihnen einen \u00dcberblick \u00fcber die Verarbeitung personenbezogener Daten im Sinne der Datenschutzgrundverordnung (DSGVO) und der weiteren anwendbaren Datenschutzgesetze durch uns, Boardside Executive Transition, und informieren Sie \u00fcber Ihre Rechte aus dem Datenschutzrecht.<br data-start=\"486\" data-end=\"489\" \/>Sofern Sie nur einzelne unserer Dienste nutzen, werden nicht alle Teile dieser Informationen auf Sie zutreffen.<\/p>\n<hr data-start=\"604\" data-end=\"607\" \/>\n<h3 data-start=\"609\" data-end=\"639\">2. Controller<\/h3>\n<p data-start=\"640\" data-end=\"718\" class=\"translation-block\">Controller responsible for data processing within the meaning of the GDPR is:<\/p>\n<p data-start=\"720\" data-end=\"885\">Boardside Executive Transition<br data-start=\"750\" data-end=\"753\" \/>Dr. Berit Bretthauer<br data-start=\"773\" data-end=\"776\" \/>Mangerstra\u00dfe 26<br data-start=\"791\" data-end=\"794\" \/>14467 Potsdam<br data-start=\"807\" data-end=\"810\" \/>E-Mail: <a data-start=\"818\" data-end=\"883\" class=\"decorated-link cursor-pointer\" rel=\"noopener\">dataprivacy@boardsideet.com<span aria-hidden=\"true\" class=\"ms-0.5 inline-block align-middle leading-none\"><svg width=\"20\" height=\"20\" viewbox=\"0 0 20 20\" fill=\"currentColor\" xmlns=\"http:\/\/www.w3.org\/2000\/svg\" data-rtl-flip=\"\" class=\"block h-[0.75em] w-[0.75em] stroke-current stroke-[0.75]\"><path d=\"M14.3349 13.3301V6.60645L5.47065 15.4707C5.21095 15.7304 4.78895 15.7304 4.52925 15.4707C4.26955 15.211 4.26955 14.789 4.52925 14.5293L13.3935 5.66504H6.66011C6.29284 5.66504 5.99507 5.36727 5.99507 5C5.99507 4.63273 6.29284 4.33496 6.66011 4.33496H14.9999L15.1337 4.34863C15.4369 4.41057 15.665 4.67857 15.665 5V13.3301C15.6649 13.6973 15.3672 13.9951 14.9999 13.9951C14.6327 13.9951 14.335 13.6973 14.3349 13.3301Z\"><\/path><\/svg><\/span><\/a><\/p>\n<hr data-start=\"887\" data-end=\"890\" \/>\n<h3 data-start=\"892\" data-end=\"973\">3. Processing of Personal Data by Boardside Executive Transition<\/h3>\n<h4 data-start=\"975\" data-end=\"1031\">a) General and within the scope of contractual relationships<\/h4>\n<p data-start=\"1032\" data-end=\"1448\">We process personal data that we receive in the course of our business activities from our clients, employees, candidates, suppliers or other data subjects. In addition, we process \u2013 insofar as this is necessary \u2013 data that we obtain from publicly accessible sources (e.g. press, internet, career platforms such as LinkedIn or Xing) or that are lawfully transmitted to us by third parties.<\/p>\n<p data-start=\"1450\" data-end=\"1503\">Relevant personal data may include, among others:<\/p>\n<ul data-start=\"1504\" data-end=\"1808\">\n<li data-start=\"1504\" data-end=\"1593\">\n<p data-start=\"1506\" data-end=\"1593\">Personal details (name, address, contact details, date and place of birth, nationality)<\/p>\n<\/li>\n<li data-start=\"1594\" data-end=\"1626\">\n<p data-start=\"1596\" data-end=\"1626\">Educational and professional background<\/p>\n<\/li>\n<li data-start=\"1627\" data-end=\"1670\">\n<p data-start=\"1629\" data-end=\"1670\">Identification data (e.g. ID details)<\/p>\n<\/li>\n<li data-start=\"1671\" data-end=\"1698\">\n<p data-start=\"1673\" data-end=\"1698\">Bank and contractual information<\/p>\n<\/li>\n<li data-start=\"1699\" data-end=\"1750\">\n<p data-start=\"1701\" data-end=\"1750\">Documentation data (e.g. consulting records)<\/p>\n<\/li>\n<li data-start=\"1751\" data-end=\"1808\">\n<p data-start=\"1753\" data-end=\"1808\">Technical data such as IP addresses (if required)<\/p>\n<\/li>\n<\/ul>\n<hr data-start=\"1810\" data-end=\"1813\" \/>\n<h3 data-start=\"1815\" data-end=\"1879\">b) Data processing when visiting our website<\/h3>\n<h4 data-start=\"1881\" data-end=\"1907\">i. Log files<\/h4>\n<p data-start=\"1908\" data-end=\"2301\" class=\"translation-block\">When accessing our website, general information is automatically stored in the server log files (e.g. date, time, retrieved file, browser type).\nThese data are used solely to ensure the secure operation of the website. No personal analysis takes place.\nLegal basis: Art. 6 (1) lit. f GDPR (legitimate interest).<\/p>\n<h4 data-start=\"2303\" data-end=\"2321\">ii. Hosting<\/h4>\n<p data-start=\"2322\" data-end=\"2633\" class=\"translation-block\">Our website uses Google Fonts for uniform display of fonts. The fonts are stored locally on our web server.\nWhen visiting our website, no connection to Google servers is established and therefore no personal data (e.g. IP addresses) are transmitted to Google.\nLegal basis: Art. 6 (1) lit. f GDPR (legitimate interest in a secure, fast and visually appealing presentation of our website).<\/p>\n<h4 data-start=\"2635\" data-end=\"2679\">iii. Google Fonts (locally embedded)<\/h4>\n<p data-start=\"2680\" data-end=\"3173\" class=\"translation-block\">Our website is hosted by an external service provider. This provider supplies infrastructure, storage and security services. In this context, meta and communication data of users may be processed.\nLegal basis: Art. 6 (1) lit. f GDPR in conjunction with Art. 28 GDPR (data processing agreement).<\/p>\n<hr data-start=\"3175\" data-end=\"3178\" \/>\n<h3 data-start=\"3180\" data-end=\"3236\">c) Data processing when contacting us<\/h3>\n<h4 data-start=\"3238\" data-end=\"3274\">i. Contact by e-mail<\/h4>\n<p data-start=\"3275\" data-end=\"3558\" class=\"translation-block\">If you contact us by e-mail, the data you provide, including metadata (e.g. IP address, time of sending), will be stored for the purpose of processing your inquiry.\nLegal basis: Art. 6 (1) lit. b GDPR (pre-contractual measures) and Art. 6 (1) lit. f GDPR (legitimate interest).<\/p>\n<h4 data-start=\"3560\" data-end=\"3599\">ii. Contact via WhatsApp<\/h4>\n<p data-start=\"3600\" data-end=\"4114\" class=\"translation-block\">Our website offers a button for contacting us via WhatsApp (a service of WhatsApp Ireland Limited, 4 Grand Canal Square, Grand Canal Harbour, Dublin 2, Ireland).\nWhen clicking the button, WhatsApp opens and data may be transmitted to WhatsApp (e.g. IP address, device data, communication content).\nCommunication via WhatsApp is encrypted. Please note, however, that WhatsApp may share data with affiliated companies (e.g. Meta Platforms, USA).<\/p>\n<p data-start=\"4116\" data-end=\"4138\"><strong data-start=\"4116\" data-end=\"4136\">Legal basis:<\/strong><\/p>\n<ul data-start=\"4139\" data-end=\"4318\">\n<li data-start=\"4139\" data-end=\"4222\">\n<p data-start=\"4141\" data-end=\"4222\">Art. 6 (1) lit. a GDPR (your consent by actively using the button)<\/p>\n<\/li>\n<li data-start=\"4223\" data-end=\"4318\">\n<p data-start=\"4225\" data-end=\"4318\">Art. 6 (1) lit. b GDPR (processing of inquiries as part of pre-contractual measures).<\/p>\n<\/li>\n<\/ul>\n<p data-start=\"4320\" data-end=\"4447\">Further information: https:\/\/www.whatsapp.com\/legal\/privacy-policy-eea <a data-start=\"4343\" data-end=\"4445\" rel=\"noopener\" target=\"_new\" class=\"decorated-link cursor-pointer\">https:\/\/www.whatsapp.com\/legal\/privacy-policy-eea<span aria-hidden=\"true\" class=\"ms-0.5 inline-block align-middle leading-none\"><svg width=\"20\" height=\"20\" viewbox=\"0 0 20 20\" fill=\"currentColor\" xmlns=\"http:\/\/www.w3.org\/2000\/svg\" data-rtl-flip=\"\" class=\"block h-[0.75em] w-[0.75em] stroke-current stroke-[0.75]\"><path d=\"M14.3349 13.3301V6.60645L5.47065 15.4707C5.21095 15.7304 4.78895 15.7304 4.52925 15.4707C4.26955 15.211 4.26955 14.789 4.52925 14.5293L13.3935 5.66504H6.66011C6.29284 5.66504 5.99507 5.36727 5.99507 5C5.99507 4.63273 6.29284 4.33496 6.66011 4.33496H14.9999L15.1337 4.34863C15.4369 4.41057 15.665 4.67857 15.665 5V13.3301C15.6649 13.6973 15.3672 13.9951 14.9999 13.9951C14.6327 13.9951 14.335 13.6973 14.3349 13.3301Z\"><\/path><\/svg><\/span><\/a><\/p>\n<hr data-start=\"4449\" data-end=\"4452\" \/>\n<h3 data-start=\"4454\" data-end=\"4498\">d) Online presence in social media<\/h3>\n<p data-start=\"4499\" data-end=\"4872\" class=\"translation-block\">We maintain a LinkedIn profile, which can only be accessed via external links. Once you click the link, the data protection policies of the respective provider apply.\nWe only process data insofar as you provide them to us (e.g. via comments or direct messages).\nLegal basis: Art. 6 (1) lit. a GDPR (consent).<\/p>\n<hr data-start=\"4874\" data-end=\"4877\" \/>\n<h3 data-start=\"4879\" data-end=\"4931\">4. Purposes and Legal Bases of Processing<\/h3>\n<ul data-start=\"4932\" data-end=\"5138\">\n<li data-start=\"4932\" data-end=\"4982\">\n<p data-start=\"4934\" data-end=\"4982\">Legitimate interests (Art. 6 (1) lit. f GDPR)<\/p>\n<\/li>\n<li data-start=\"4983\" data-end=\"5034\">\n<p data-start=\"4985\" data-end=\"5034\">Interessenabw\u00e4gung (Art. 6 Abs. 1 lit. f DSGVO)<\/p>\n<\/li>\n<li data-start=\"5035\" data-end=\"5080\">\n<p data-start=\"5037\" data-end=\"5080\">Based on consent (Art. 6 (1) lit. a GDPR)<\/p>\n<\/li>\n<li data-start=\"5081\" data-end=\"5138\">\n<p data-start=\"5083\" data-end=\"5138\">Legal obligations (Art. 6 (1) lit. c GDPR)<\/p>\n<\/li>\n<\/ul>\n<hr data-start=\"5140\" data-end=\"5143\" \/>\n<h3 data-start=\"5145\" data-end=\"5190\">5. Recipients of Personal Data<\/h3>\n<p data-start=\"5191\" data-end=\"5387\">Within our company, only authorized persons have access to your data. External recipients may include IT service providers, processors and public authorities, where legally required.<\/p>\n<hr data-start=\"5389\" data-end=\"5392\" \/>\n<h3 data-start=\"5394\" data-end=\"5453\">6. Transfer of Data to Third Countries<\/h3>\n<p data-start=\"5454\" data-end=\"5713\" class=\"translation-block\">A transfer of personal data to third countries (e.g. USA) may occur when using services such as WhatsApp.\nWe ensure appropriate safeguards in accordance with Art. 44 ff. GDPR (e.g. EU Standard Contractual Clauses).<\/p>\n<hr data-start=\"5715\" data-end=\"5718\" \/>\n<h3 data-start=\"5720\" data-end=\"5749\">7. Storage Period<\/h3>\n<p data-start=\"5750\" data-end=\"5924\">We only store personal data for as long as necessary for the respective purposes. Statutory retention obligations (e.g. German Commercial Code, Fiscal Code) remain unaffected.<\/p>\n<hr data-start=\"5926\" data-end=\"5929\" \/>\n<h3 data-start=\"5931\" data-end=\"5956\">8. Rights of Data Subjects<\/h3>\n<p data-start=\"5957\" data-end=\"5983\">You have the right to:<\/p>\n<ul data-start=\"5984\" data-end=\"6181\">\n<li data-start=\"5984\" data-end=\"6012\">\n<p data-start=\"5986\" data-end=\"6012\">Access (Art. 15 GDPR)<\/p>\n<\/li>\n<li data-start=\"6013\" data-end=\"6045\">\n<p data-start=\"6015\" data-end=\"6045\">Rectification (Art. 16 GDPR)<\/p>\n<\/li>\n<li data-start=\"6046\" data-end=\"6074\">\n<p data-start=\"6048\" data-end=\"6074\">Erasure (Art. 17 GDPR)<\/p>\n<\/li>\n<li data-start=\"6075\" data-end=\"6108\">\n<p data-start=\"6077\" data-end=\"6108\">Restriction of processing (Art. 18 GDPR)<\/p>\n<\/li>\n<li data-start=\"6109\" data-end=\"6149\">\n<p data-start=\"6111\" data-end=\"6149\">Data portability (Art. 20 GDPR)<\/p>\n<\/li>\n<li data-start=\"6150\" data-end=\"6181\">\n<p data-start=\"6152\" data-end=\"6181\">Object to processing (Art. 21 GDPR)<\/p>\n<\/li>\n<\/ul>\n<p data-start=\"6183\" data-end=\"6283\">You also have the right to lodge a complaint with a supervisory authority (Art. 77 GDPR).<\/p>\n<hr data-start=\"6285\" data-end=\"6288\" \/>\n<h3 data-start=\"6290\" data-end=\"6334\">9. Obligation to Provide Data<\/h3>\n<p data-start=\"6335\" data-end=\"6500\">The provision of personal data is required in the context of contractual relationships. Without these, contracts cannot be carried out.<\/p>\n<hr data-start=\"6502\" data-end=\"6505\" \/>\n<h3 data-start=\"6507\" data-end=\"6549\">10. Right to Object (Art. 21 GDPR)<\/h3>\n<p data-start=\"6550\" data-end=\"6773\">You have the right to object, on grounds relating to your particular situation, at any time to the processing of your personal data based on Art. 6 (1) lit. f GDPR.<\/p>\n<p data-start=\"6775\" data-end=\"6811\">The objection can be addressed to:<\/p>\n<p data-start=\"6813\" data-end=\"6978\">Boardside Executive Transition<br data-start=\"6843\" data-end=\"6846\" \/>Dr. Berit Bretthauer<br data-start=\"6866\" data-end=\"6869\" \/>Mangerstra\u00dfe 26<br data-start=\"6884\" data-end=\"6887\" \/>14467 Potsdam<br data-start=\"6900\" data-end=\"6903\" \/>E-Mail: <a data-start=\"6911\" data-end=\"6976\" class=\"decorated-link cursor-pointer\" rel=\"noopener\">dataprivacy@boardsideet.com<\/a><\/p>\n<\/div><\/div>\n\n<div class=\"et_pb_text_2 et_pb_text et_pb_bg_layout_light et_pb_module\"><div class=\"et_pb_text_inner\"><h2>Concept, design, and implementation<\/h2>\n<\/div><\/div>\n\n<div class=\"et_pb_text_3 et_pb_text et_pb_bg_layout_light et_pb_module\"><div class=\"et_pb_text_inner\"><p style=\"text-align: left;\"><span style=\"color: #e5531d;\"><a href=\"https:\/\/reme-design.de\" style=\"color: #e5531d;\">www.reme-design.de <\/a><\/span><\/p>\n<p><span style=\"color: #e5531d;\"><a href=\"mailto:cr@reme-design.de\" style=\"color: #e5531d;\">cr@reme-design.de<\/a><\/span><\/p>\n<\/div><\/div>\n<\/div>\n<\/div>\n<\/div>","protected":false},"excerpt":{"rendered":"","protected":false},"author":1,"featured_media":0,"parent":0,"menu_order":0,"comment_status":"closed","ping_status":"closed","template":"","meta":{"inline_featured_image":false,"footnotes":""},"class_list":["post-946","page","type-page","status-publish","hentry"],"yoast_head":"<!-- This site is optimized with the Yoast SEO plugin v26.2 - https:\/\/yoast.com\/wordpress\/plugins\/seo\/ -->\n<title>Datenschutzerkl\u00e4rung - Boardside Executive Transition<\/title>\n<meta name=\"robots\" content=\"index, follow, max-snippet:-1, max-image-preview:large, max-video-preview:-1\" \/>\n<link rel=\"canonical\" href=\"https:\/\/boardsideexecutivetransition.com\/en\/datenschutzerklaerung\/\" \/>\n<meta property=\"og:locale\" content=\"en_GB\" \/>\n<meta property=\"og:type\" content=\"article\" \/>\n<meta property=\"og:title\" content=\"Datenschutzerkl\u00e4rung - Boardside Executive Transition\" \/>\n<meta property=\"og:url\" content=\"https:\/\/boardsideexecutivetransition.com\/en\/datenschutzerklaerung\/\" \/>\n<meta property=\"og:site_name\" content=\"Boardside Executive Transition\" \/>\n<meta property=\"article:modified_time\" content=\"2025-10-01T10:15:28+00:00\" \/>\n<meta name=\"twitter:card\" content=\"summary_large_image\" \/>\n<script type=\"application\/ld+json\" class=\"yoast-schema-graph\">{\"@context\":\"https:\/\/schema.org\",\"@graph\":[{\"@type\":\"WebPage\",\"@id\":\"https:\/\/boardsideexecutivetransition.com\/datenschutzerklaerung\/\",\"url\":\"https:\/\/boardsideexecutivetransition.com\/datenschutzerklaerung\/\",\"name\":\"Datenschutzerkl\u00e4rung - Boardside Executive Transition\",\"isPartOf\":{\"@id\":\"https:\/\/boardsideexecutivetransition.com\/#website\"},\"datePublished\":\"2025-10-01T10:13:09+00:00\",\"dateModified\":\"2025-10-01T10:15:28+00:00\",\"breadcrumb\":{\"@id\":\"https:\/\/boardsideexecutivetransition.com\/datenschutzerklaerung\/#breadcrumb\"},\"inLanguage\":\"en-GB\",\"potentialAction\":[{\"@type\":\"ReadAction\",\"target\":[\"https:\/\/boardsideexecutivetransition.com\/datenschutzerklaerung\/\"]}]},{\"@type\":\"BreadcrumbList\",\"@id\":\"https:\/\/boardsideexecutivetransition.com\/datenschutzerklaerung\/#breadcrumb\",\"itemListElement\":[{\"@type\":\"ListItem\",\"position\":1,\"name\":\"Startseite\",\"item\":\"https:\/\/boardsideexecutivetransition.com\/\"},{\"@type\":\"ListItem\",\"position\":2,\"name\":\"Datenschutzerkl\u00e4rung\"}]},{\"@type\":\"WebSite\",\"@id\":\"https:\/\/boardsideexecutivetransition.com\/#website\",\"url\":\"https:\/\/boardsideexecutivetransition.com\/\",\"name\":\"Boardside Executive Transition\",\"description\":\"Karriere-, Business- und Lebensberatung f\u00fcr F\u00fchrungskr\u00e4fte. Beratung auf C-Level und Bewertung von F\u00fchrungsqualit\u00e4ten. Coaching an pers\u00f6nlichen und beruflichen Wendepunkten.\",\"potentialAction\":[{\"@type\":\"SearchAction\",\"target\":{\"@type\":\"EntryPoint\",\"urlTemplate\":\"https:\/\/boardsideexecutivetransition.com\/?s={search_term_string}\"},\"query-input\":{\"@type\":\"PropertyValueSpecification\",\"valueRequired\":true,\"valueName\":\"search_term_string\"}}],\"inLanguage\":\"en-GB\"}]}<\/script>\n<!-- \/ Yoast SEO plugin. -->","yoast_head_json":{"title":"Datenschutzerkl\u00e4rung - Boardside Executive Transition","robots":{"index":"index","follow":"follow","max-snippet":"max-snippet:-1","max-image-preview":"max-image-preview:large","max-video-preview":"max-video-preview:-1"},"canonical":"https:\/\/boardsideexecutivetransition.com\/en\/datenschutzerklaerung\/","og_locale":"en_GB","og_type":"article","og_title":"Datenschutzerkl\u00e4rung - Boardside Executive Transition","og_url":"https:\/\/boardsideexecutivetransition.com\/en\/datenschutzerklaerung\/","og_site_name":"Boardside Executive Transition","article_modified_time":"2025-10-01T10:15:28+00:00","twitter_card":"summary_large_image","schema":{"@context":"https:\/\/schema.org","@graph":[{"@type":"WebPage","@id":"https:\/\/boardsideexecutivetransition.com\/datenschutzerklaerung\/","url":"https:\/\/boardsideexecutivetransition.com\/datenschutzerklaerung\/","name":"Datenschutzerkl\u00e4rung - Boardside Executive Transition","isPartOf":{"@id":"https:\/\/boardsideexecutivetransition.com\/#website"},"datePublished":"2025-10-01T10:13:09+00:00","dateModified":"2025-10-01T10:15:28+00:00","breadcrumb":{"@id":"https:\/\/boardsideexecutivetransition.com\/datenschutzerklaerung\/#breadcrumb"},"inLanguage":"en-GB","potentialAction":[{"@type":"ReadAction","target":["https:\/\/boardsideexecutivetransition.com\/datenschutzerklaerung\/"]}]},{"@type":"BreadcrumbList","@id":"https:\/\/boardsideexecutivetransition.com\/datenschutzerklaerung\/#breadcrumb","itemListElement":[{"@type":"ListItem","position":1,"name":"Startseite","item":"https:\/\/boardsideexecutivetransition.com\/"},{"@type":"ListItem","position":2,"name":"Datenschutzerkl\u00e4rung"}]},{"@type":"WebSite","@id":"https:\/\/boardsideexecutivetransition.com\/#website","url":"https:\/\/boardsideexecutivetransition.com\/","name":"Boardside Executive Transition","description":"Karriere-, Business- und Lebensberatung f\u00fcr F\u00fchrungskr\u00e4fte. Beratung auf C-Level und Bewertung von F\u00fchrungsqualit\u00e4ten. Coaching an pers\u00f6nlichen und beruflichen Wendepunkten.","potentialAction":[{"@type":"SearchAction","target":{"@type":"EntryPoint","urlTemplate":"https:\/\/boardsideexecutivetransition.com\/?s={search_term_string}"},"query-input":{"@type":"PropertyValueSpecification","valueRequired":true,"valueName":"search_term_string"}}],"inLanguage":"en-GB"}]}},"_links":{"self":[{"href":"https:\/\/boardsideexecutivetransition.com\/en\/wp-json\/wp\/v2\/pages\/946","targetHints":{"allow":["GET"]}}],"collection":[{"href":"https:\/\/boardsideexecutivetransition.com\/en\/wp-json\/wp\/v2\/pages"}],"about":[{"href":"https:\/\/boardsideexecutivetransition.com\/en\/wp-json\/wp\/v2\/types\/page"}],"author":[{"embeddable":true,"href":"https:\/\/boardsideexecutivetransition.com\/en\/wp-json\/wp\/v2\/users\/1"}],"replies":[{"embeddable":true,"href":"https:\/\/boardsideexecutivetransition.com\/en\/wp-json\/wp\/v2\/comments?post=946"}],"version-history":[{"count":4,"href":"https:\/\/boardsideexecutivetransition.com\/en\/wp-json\/wp\/v2\/pages\/946\/revisions"}],"predecessor-version":[{"id":951,"href":"https:\/\/boardsideexecutivetransition.com\/en\/wp-json\/wp\/v2\/pages\/946\/revisions\/951"}],"wp:attachment":[{"href":"https:\/\/boardsideexecutivetransition.com\/en\/wp-json\/wp\/v2\/media?parent=946"}],"curies":[{"name":"wp","href":"https:\/\/api.w.org\/{rel}","templated":true}]}}