{"id":500,"date":"2025-08-06T15:01:46","date_gmt":"2025-08-06T13:01:46","guid":{"rendered":"https:\/\/boardsideexecutivetransition.com\/?page_id=500"},"modified":"2025-10-01T11:04:25","modified_gmt":"2025-10-01T09:04:25","slug":"impressum","status":"publish","type":"page","link":"https:\/\/boardsideexecutivetransition.com\/en\/impressum\/","title":{"rendered":"Legal notice"},"content":{"rendered":"<div class=\"et_pb_section_0 et_pb_section et_section_regular et_block_section\">\n<div class=\"et_pb_row_0 et_pb_row et_pb_gutters3 et_block_row\">\n<div class=\"et_pb_column_0 et_pb_column et_pb_column_4_4 et-last-child et_block_column et_pb_css_mix_blend_mode_passthrough\">\n<div class=\"et_pb_text_0 et_pb_text et_pb_bg_layout_light et_pb_module\"><div class=\"et_pb_text_inner\"><p><!-- wp:divi\/placeholder \/--><\/p>\n<\/div><\/div>\n\n<div class=\"et_pb_heading_0 et_pb_heading et_pb_module\"><div class=\"et_pb_heading_container\"><h1 class=\"et_pb_module_header\">Legal notice<\/h1><\/div><\/div>\n\n<div class=\"et_pb_text_1 et_pb_text et_pb_bg_layout_light et_pb_module\"><div class=\"et_pb_text_inner\"><p>Informationen gem\u00e4\u00df \u00a7 5 Telemediengesetz (TMG)<\/p>\n<p>Boardside Executive Transition GmbH<br \/>Mangerstra\u00dfe 26<br \/>14467 Potsdam<\/p>\n<p>Handelsregister: HRB 229184 B<br \/>Registergericht: Amtsgericht Charlottenburg<\/p>\n<p>Vertreten durch:<br \/>Dr. Berit Bretthauer<\/p>\n<p>Soweit im Folgenden der Begriff \u201ewir\u201d verwendet wird, ist damit die oben genannte Boardside Executive Transition GmbH gemeint.<\/p>\n<p><strong>Contact<\/strong><br \/>Telefon: +49 (0)30 58706133<br \/>Telefax: +49 (0)30 58713061<br \/>E-Mail: info@boardsideet.com<\/p>\n<p>Umsatzsteuer-Identifikationsnummer<br \/>Umsatzsteuer-Identifikationsnummer gem\u00e4\u00df \u00a7 27 a Umsatzsteuergesetz:<br \/>DE 344534382<\/p>\n<p>Verfahren zur Streitbeilegung vor einer Verbraucherschlichtungsstelle<br \/>Wir sind nicht bereit und nicht verpflichtet, an Verfahren zur Streitbeilegung vor einer Verbraucherschlichtungsstelle teilzunehmen.<\/p>\n<p><strong>Haftung f\u00fcr Inhalte<\/strong><br \/>Als Diensteanbieter sind wir gem\u00e4\u00df \u00a7 7 Abs. 1 TMG f\u00fcr eigene Inhalte auf diesen Seiten nach den allgemeinen Gesetzen verantwortlich. Nach \u00a7\u00a7 8 bis 10 TMG sind Diensteanbieter jedoch nicht verpflichtet, \u00fcbermittelte oder gespeicherte fremde Informationen zu \u00fcberwachen oder nach Umst\u00e4nden zu forschen, die auf eine rechtswidrige T\u00e4tigkeit hinweisen.<br \/>Die gesetzliche Verpflichtung zur Entfernung oder Sperrung der Nutzung von Informationen bleibt hiervon unber\u00fchrt. Eine diesbez\u00fcgliche Haftung ist jedoch erst ab dem Zeitpunkt der Kenntnis einer konkreten Rechtsverletzung m\u00f6glich. Rechtswidrige Inhalte werden wir umgehend entfernen, sobald wir davon Kenntnis erlangen.<\/p>\n<p><strong>Haftung f\u00fcr Links<\/strong><br \/>Unser Angebot enth\u00e4lt Links zu externen Websites Dritter, auf deren Inhalte wir keinen Einfluss haben. Deshalb k\u00f6nnen wir f\u00fcr diese fremden Inhalte auch keine Gew\u00e4hr \u00fcbernehmen. F\u00fcr die Inhalte der verlinkten Seiten sind stets die jeweiligen Anbieter oder Betreiber verantwortlich.<\/p>\n<p>Die verlinkten Seiten wurden zum Zeitpunkt der Verlinkung auf m\u00f6gliche Rechtsverst\u00f6\u00dfe \u00fcberpr\u00fcft. Rechtswidrige Inhalte waren zum Zeitpunkt der Verlinkung nicht erkennbar. Eine permanente inhaltliche Kontrolle der verlinkten Seiten ist jedoch ohne konkrete Anhaltspunkte einer Rechtsverletzung nicht zumutbar. Bei Bekanntwerden von Rechtsverletzungen werden wir derartige Links umgehend entfernen.<\/p>\n<p><strong>Urheberrecht<\/strong><br \/>Die auf diesen Websites ver\u00f6ffentlichten Inhalte und Zusammenstellungen der Anbieter unterliegen dem deutschen Urheberrecht. Die Vervielf\u00e4ltigung, Bearbeitung, Verbreitung und jede Art der Verwertung au\u00dferhalb der Grenzen des Urheberrechts bed\u00fcrfen der schriftlichen Zustimmung des jeweiligen Autors bzw. Erstellers. Downloads und Kopien dieser Website sind nur f\u00fcr den privaten, nicht kommerziellen Gebrauch gestattet. Die kommerzielle Nutzung unserer Inhalte ohne Zustimmung des Erstellers ist untersagt.<\/p>\n<p>Die Urheberrechte Dritter werden beachtet, sofern die Inhalte dieser Websites nicht vom Anbieter stammen. Beitr\u00e4ge Dritter auf dieser Website sind als solche gekennzeichnet. Sollten Sie dennoch Verst\u00f6\u00dfe gegen das Urheberrecht feststellen, bitten wir Sie, uns dies mitzuteilen. Derartige Inhalte werden dann entfernt.<\/p>\n<\/div><\/div>\n\n<div class=\"et_pb_text_2 et_pb_text et_pb_bg_layout_light et_pb_module\"><div class=\"et_pb_text_inner\"><h2>Concept, design, and implementation<\/h2>\n<\/div><\/div>\n\n<div class=\"et_pb_text_3 et_pb_text et_pb_bg_layout_light et_pb_module\"><div class=\"et_pb_text_inner\"><p style=\"text-align: left;\"><span style=\"color: #e5531d;\"><a href=\"https:\/\/reme-design.de\" style=\"color: #e5531d;\">www.reme-design.de <\/a><\/span><\/p>\n<p><span style=\"color: #e5531d;\"><a href=\"mailto:cr@reme-design.de\" style=\"color: #e5531d;\">cr@reme-design.de<\/a><\/span><\/p>\n<\/div><\/div>\n<\/div>\n<\/div>\n<\/div>","protected":false},"excerpt":{"rendered":"","protected":false},"author":1,"featured_media":0,"parent":0,"menu_order":0,"comment_status":"closed","ping_status":"closed","template":"","meta":{"inline_featured_image":false,"footnotes":""},"class_list":["post-500","page","type-page","status-publish","hentry"],"yoast_head":"<!-- This site is optimized with the Yoast SEO plugin v26.2 - https:\/\/yoast.com\/wordpress\/plugins\/seo\/ -->\n<title>Impressum - Boardside Executive Transition<\/title>\n<meta name=\"robots\" content=\"index, follow, max-snippet:-1, max-image-preview:large, max-video-preview:-1\" \/>\n<link rel=\"canonical\" href=\"https:\/\/boardsideexecutivetransition.com\/en\/impressum\/\" \/>\n<meta property=\"og:locale\" content=\"en_GB\" \/>\n<meta property=\"og:type\" content=\"article\" \/>\n<meta property=\"og:title\" content=\"Impressum - Boardside Executive Transition\" \/>\n<meta property=\"og:url\" content=\"https:\/\/boardsideexecutivetransition.com\/en\/impressum\/\" \/>\n<meta property=\"og:site_name\" content=\"Boardside Executive Transition\" \/>\n<meta property=\"article:modified_time\" content=\"2025-10-01T09:04:25+00:00\" \/>\n<meta name=\"twitter:card\" content=\"summary_large_image\" \/>\n<script type=\"application\/ld+json\" class=\"yoast-schema-graph\">{\"@context\":\"https:\/\/schema.org\",\"@graph\":[{\"@type\":\"WebPage\",\"@id\":\"https:\/\/boardsideexecutivetransition.com\/impressum\/\",\"url\":\"https:\/\/boardsideexecutivetransition.com\/impressum\/\",\"name\":\"Impressum - Boardside Executive Transition\",\"isPartOf\":{\"@id\":\"https:\/\/boardsideexecutivetransition.com\/#website\"},\"datePublished\":\"2025-08-06T13:01:46+00:00\",\"dateModified\":\"2025-10-01T09:04:25+00:00\",\"breadcrumb\":{\"@id\":\"https:\/\/boardsideexecutivetransition.com\/impressum\/#breadcrumb\"},\"inLanguage\":\"en-GB\",\"potentialAction\":[{\"@type\":\"ReadAction\",\"target\":[\"https:\/\/boardsideexecutivetransition.com\/impressum\/\"]}]},{\"@type\":\"BreadcrumbList\",\"@id\":\"https:\/\/boardsideexecutivetransition.com\/impressum\/#breadcrumb\",\"itemListElement\":[{\"@type\":\"ListItem\",\"position\":1,\"name\":\"Startseite\",\"item\":\"https:\/\/boardsideexecutivetransition.com\/\"},{\"@type\":\"ListItem\",\"position\":2,\"name\":\"Impressum\"}]},{\"@type\":\"WebSite\",\"@id\":\"https:\/\/boardsideexecutivetransition.com\/#website\",\"url\":\"https:\/\/boardsideexecutivetransition.com\/\",\"name\":\"Boardside Executive Transition\",\"description\":\"Karriere-, Business- und Lebensberatung f\u00fcr F\u00fchrungskr\u00e4fte. Beratung auf C-Level und Bewertung von F\u00fchrungsqualit\u00e4ten. Coaching an pers\u00f6nlichen und beruflichen Wendepunkten.\",\"potentialAction\":[{\"@type\":\"SearchAction\",\"target\":{\"@type\":\"EntryPoint\",\"urlTemplate\":\"https:\/\/boardsideexecutivetransition.com\/?s={search_term_string}\"},\"query-input\":{\"@type\":\"PropertyValueSpecification\",\"valueRequired\":true,\"valueName\":\"search_term_string\"}}],\"inLanguage\":\"en-GB\"}]}<\/script>\n<!-- \/ Yoast SEO plugin. -->","yoast_head_json":{"title":"Impressum - Boardside Executive Transition","robots":{"index":"index","follow":"follow","max-snippet":"max-snippet:-1","max-image-preview":"max-image-preview:large","max-video-preview":"max-video-preview:-1"},"canonical":"https:\/\/boardsideexecutivetransition.com\/en\/impressum\/","og_locale":"en_GB","og_type":"article","og_title":"Impressum - Boardside Executive Transition","og_url":"https:\/\/boardsideexecutivetransition.com\/en\/impressum\/","og_site_name":"Boardside Executive Transition","article_modified_time":"2025-10-01T09:04:25+00:00","twitter_card":"summary_large_image","schema":{"@context":"https:\/\/schema.org","@graph":[{"@type":"WebPage","@id":"https:\/\/boardsideexecutivetransition.com\/impressum\/","url":"https:\/\/boardsideexecutivetransition.com\/impressum\/","name":"Impressum - Boardside Executive Transition","isPartOf":{"@id":"https:\/\/boardsideexecutivetransition.com\/#website"},"datePublished":"2025-08-06T13:01:46+00:00","dateModified":"2025-10-01T09:04:25+00:00","breadcrumb":{"@id":"https:\/\/boardsideexecutivetransition.com\/impressum\/#breadcrumb"},"inLanguage":"en-GB","potentialAction":[{"@type":"ReadAction","target":["https:\/\/boardsideexecutivetransition.com\/impressum\/"]}]},{"@type":"BreadcrumbList","@id":"https:\/\/boardsideexecutivetransition.com\/impressum\/#breadcrumb","itemListElement":[{"@type":"ListItem","position":1,"name":"Startseite","item":"https:\/\/boardsideexecutivetransition.com\/"},{"@type":"ListItem","position":2,"name":"Impressum"}]},{"@type":"WebSite","@id":"https:\/\/boardsideexecutivetransition.com\/#website","url":"https:\/\/boardsideexecutivetransition.com\/","name":"Boardside Executive Transition","description":"Karriere-, Business- und Lebensberatung f\u00fcr F\u00fchrungskr\u00e4fte. Beratung auf C-Level und Bewertung von F\u00fchrungsqualit\u00e4ten. Coaching an pers\u00f6nlichen und beruflichen Wendepunkten.","potentialAction":[{"@type":"SearchAction","target":{"@type":"EntryPoint","urlTemplate":"https:\/\/boardsideexecutivetransition.com\/?s={search_term_string}"},"query-input":{"@type":"PropertyValueSpecification","valueRequired":true,"valueName":"search_term_string"}}],"inLanguage":"en-GB"}]}},"_links":{"self":[{"href":"https:\/\/boardsideexecutivetransition.com\/en\/wp-json\/wp\/v2\/pages\/500","targetHints":{"allow":["GET"]}}],"collection":[{"href":"https:\/\/boardsideexecutivetransition.com\/en\/wp-json\/wp\/v2\/pages"}],"about":[{"href":"https:\/\/boardsideexecutivetransition.com\/en\/wp-json\/wp\/v2\/types\/page"}],"author":[{"embeddable":true,"href":"https:\/\/boardsideexecutivetransition.com\/en\/wp-json\/wp\/v2\/users\/1"}],"replies":[{"embeddable":true,"href":"https:\/\/boardsideexecutivetransition.com\/en\/wp-json\/wp\/v2\/comments?post=500"}],"version-history":[{"count":12,"href":"https:\/\/boardsideexecutivetransition.com\/en\/wp-json\/wp\/v2\/pages\/500\/revisions"}],"predecessor-version":[{"id":945,"href":"https:\/\/boardsideexecutivetransition.com\/en\/wp-json\/wp\/v2\/pages\/500\/revisions\/945"}],"wp:attachment":[{"href":"https:\/\/boardsideexecutivetransition.com\/en\/wp-json\/wp\/v2\/media?parent=500"}],"curies":[{"name":"wp","href":"https:\/\/api.w.org\/{rel}","templated":true}]}}