{"id":357,"date":"2025-07-28T09:37:00","date_gmt":"2025-07-28T07:37:00","guid":{"rendered":"https:\/\/boardsideexecutivetransition.com\/?page_id=357"},"modified":"2025-10-22T10:00:42","modified_gmt":"2025-10-22T08:00:42","slug":"integrated-leadership-assessments-and-development","status":"publish","type":"page","link":"https:\/\/boardsideexecutivetransition.com\/en\/integrated-leadership-assessments-and-development\/","title":{"rendered":"F\u00fchrungskr\u00e4ftebewertung und -entwicklung"},"content":{"rendered":"<div class=\"et_pb_section_0 et_pb_section et_section_regular et_block_section\">\n<div class=\"et_pb_row_0 et_pb_row et_flex_row\">\n<div class=\"et_pb_column_0 et_pb_column et-last-child et_flex_column_24_24 et_flex_column et_pb_css_mix_blend_mode_passthrough\">\n<div class=\"et_pb_heading_0 et_pb_heading et_pb_module\"><div class=\"et_pb_heading_container\"><h1 class=\"et_pb_module_header\">Integrated leadership assessment and development<\/h1><\/div><\/div>\n<\/div>\n<\/div>\n\n<div class=\"et_pb_row_1 et_pb_row et_flex_row\">\n<div class=\"et_pb_column_1 et_pb_column et_flex_column_12_24 et_flex_column_24_24_phone et_flex_column et_pb_css_mix_blend_mode_passthrough\">\n<div class=\"et_pb_image_0 et_pb_image et_pb_module\"><span class=\"et_pb_image_wrap\"><img loading=\"lazy\" decoding=\"async\" src=\"https:\/\/boardsideexecutivetransition.com\/wp-content\/uploads\/2025\/07\/BB-Services-Form-04.png\" width=\"850\" height=\"958\" srcset=\"https:\/\/boardsideexecutivetransition.com\/wp-content\/uploads\/2025\/07\/BB-Services-Form-04.png 850w, https:\/\/boardsideexecutivetransition.com\/wp-content\/uploads\/2025\/07\/BB-Services-Form-04-480x541.png 480w\" sizes=\"(min-width: 0px) and (max-width: 480px) 480px, (min-width: 481px) 850px, 100vw\" class=\"wp-image-361\" \/><\/span><\/div>\n<\/div>\n\n<div class=\"et_pb_column_2 et_pb_column et-last-child et_flex_column_12_24 et_flex_column_24_24_phone et_flex_column et_pb_css_mix_blend_mode_passthrough\">\n<div class=\"et_pb_text_0 et_pb_text et_pb_bg_layout_light et_pb_module\"><div class=\"et_pb_text_inner\"><p>&nbsp;<\/p>\n<h3>BoardAssess\u00ae: Insights. Coordination. Growth.<\/h3>\n<p>&nbsp;<\/p>\n<p>In today's fast-paced and volatile world, leadership is more important than ever. Effective leadership can inspire and motivate teams, promote innovation, create a positive work culture and drive change. Leaders play a crucial role in developing a vision, building trust, and working with others to achieve results in order to reach common goals. To assess leaders in terms of their effectiveness and cultural fit and to provide them with feedback on their development, my long-time colleague Kathrin Schulte and I developed BoardAssess\u00ae.<\/p>\n<\/div><\/div>\n<\/div>\n<\/div>\n\n<div class=\"et_pb_row_2 et_pb_row et_flex_row\">\n<div class=\"et_pb_column_3 et_pb_column et_flex_column_12_24 et_flex_column_24_24_phone et_flex_column et_pb_css_mix_blend_mode_passthrough\">\n<div class=\"et_pb_text_1 et_pb_text et_pb_bg_layout_light et_pb_module\"><div class=\"et_pb_text_inner\" data-et-multi-view-load-phone-hidden=\"true\"><h3>Intelligent leadership diagnostics. Real development impact<\/h3>\n<p>&nbsp;<\/p>\n<p>\u00a0Our comprehensive assessment provides deep insights into a manager's personality, leadership potential, motivators, experiences and career-inhibiting tendencies. The assessment helps to identify a person's strengths and development needs, thereby supporting effective leadership, cultural fit and personal growth. Our approach integrates leadership assessment and development feedback, helping individuals to realise their full potential. This is a valuable investment in personal and professional development.<br \/>We combine data and science with over two decades of industry experience in assessing executives. We understand our clients' businesses and the leadership qualities required to succeed in a given environment. We also use Hogan personality assessments, which are the most accurate and efficient tools for predicting a candidate's performance.<\/p>\n<\/div><\/div>\n<\/div>\n\n<div class=\"et_pb_column_4 et_pb_column et-last-child et_flex_column_12_24 et_flex_column_24_24_phone et_flex_column et_pb_css_mix_blend_mode_passthrough\">\n<div class=\"et_pb_image_1 et_pb_image et_pb_image_sticky_phone et_pb_module\"><span class=\"et_pb_image_wrap\"><img loading=\"lazy\" decoding=\"async\" src=\"https:\/\/boardsideexecutivetransition.com\/wp-content\/uploads\/2025\/07\/BB-Services-Form-05.png\" width=\"850\" height=\"958\" srcset=\"https:\/\/boardsideexecutivetransition.com\/wp-content\/uploads\/2025\/07\/BB-Services-Form-05.png 850w, https:\/\/boardsideexecutivetransition.com\/wp-content\/uploads\/2025\/07\/BB-Services-Form-05-480x541.png 480w\" sizes=\"(min-width: 0px) and (max-width: 480px) 480px, (min-width: 481px) 850px, 100vw\" class=\"wp-image-362\" \/><\/span><\/div>\n\n<div class=\"et_pb_module et_pb_button_module_wrapper et_pb_button_0_wrapper\"><a class=\"et_pb_button_0 et_pb_button et_pb_bg_layout_light\" href=\"mailto:bretthauer@boardsideet.com?subject=Freeprelimianrychat&amp;body=Iwouldliketotakeadvantageofyourofferforafreepreliminaryconsultation.PleasecontactmeatEmailMobileKindregards\">Free preliminary chat<\/a><\/div>\n\n<div class=\"et_pb_text_2 et_pb_text et_pb_bg_layout_light et_pb_module\"><div class=\"et_pb_text_inner\" data-et-multi-view-load-tablet-hidden=\"true\" data-et-multi-view-load-phone-hidden=\"true\"><h4>Select a free initial consultation.<\/h4>\n<p>You will get a first impression of my approach and have the opportunity to ask questions. This non-binding conversation will help us determine whether working together is the right next step for you.<\/p>\n<\/div><\/div>\n<\/div>\n<\/div>\n\n<div class=\"et_pb_row_3 et_pb_row et_flex_row\">\n<div class=\"et_pb_column_5 et_pb_column et_flex_column_12_24 et_flex_column_24_24_phone et_flex_column et_pb_css_mix_blend_mode_passthrough\">\n<div class=\"et_pb_image_2 et_pb_image et_pb_module\"><span class=\"et_pb_image_wrap\"><img loading=\"lazy\" decoding=\"async\" src=\"https:\/\/boardsideexecutivetransition.com\/wp-content\/uploads\/2025\/07\/BB-Services-Form-03-1.png\" width=\"850\" height=\"958\" srcset=\"https:\/\/boardsideexecutivetransition.com\/wp-content\/uploads\/2025\/07\/BB-Services-Form-03-1.png 850w, https:\/\/boardsideexecutivetransition.com\/wp-content\/uploads\/2025\/07\/BB-Services-Form-03-1-480x541.png 480w\" sizes=\"(min-width: 0px) and (max-width: 480px) 480px, (min-width: 481px) 850px, 100vw\" class=\"wp-image-335\" \/><\/span><\/div>\n<\/div>\n\n<div class=\"et_pb_column_6 et_pb_column et-last-child et_flex_column_12_24 et_flex_column_24_24_phone et_flex_column et_pb_column_empty et_pb_css_mix_blend_mode_passthrough\"><\/div>\n<\/div>\n<\/div>\n\n<div class=\"et_pb_section_1 et_pb_section et_section_regular et_flex_section et_clickable\"><div class=\"et_pb_row_4 et_pb_row et_flex_row\"><div class=\"et_pb_column_7 et_pb_column et-last-child et_flex_column_24_24 et_flex_column et_pb_css_mix_blend_mode_passthrough\"><div class=\"et_pb_heading_1 et_pb_heading et_pb_module\"><div class=\"et_pb_heading_container\"><h1 class=\"et_pb_module_header\">Are you ready to take the next step as a leader?<\/h1><\/div><\/div><div class=\"et_pb_text_3 et_pb_text et_pb_bg_layout_light et_pb_module\"><div class=\"et_pb_text_inner\" data-et-multi-view-load-tablet-hidden=\"true\" data-et-multi-view-load-phone-hidden=\"true\"><p class=\"translation-block\"><strong>Berit Bretthauer and Boardside Executive Transition<\/strong> <br> will guide you with clarity, experience, and strategic insight.\nSelect the appropriate button now and let us begin the conversation.<\/p>\n<\/div><\/div><\/div><\/div><div class=\"et_pb_row_5 et_pb_row et_flex_row\"><div class=\"et_pb_column_8 et_pb_column et_flex_column_24_24 et_flex_column et_pb_css_mix_blend_mode_passthrough\"><div class=\"et_pb_module et_pb_button_module_wrapper et_pb_button_1_wrapper\"><a class=\"et_pb_button_1 et_pb_button et_pb_bg_layout_light\" href=\"mailto:bretthauer@boardsideet.com?subject=Freeprelimianrychat&amp;body=Iwouldliketotakeadvantageofyourofferforafreepreliminaryconsultation.PleasecontactmeatEmailMobileKindregards\">Write an email<\/a><\/div><\/div><div class=\"et_pb_column_9 et_pb_column et-last-child et_flex_column_24_24 et_flex_column et_pb_css_mix_blend_mode_passthrough\"><div class=\"et_pb_module et_pb_button_module_wrapper et_pb_button_2_wrapper\"><a class=\"et_pb_button_2 et_pb_button et_pb_bg_layout_light\" href=\"https:\/\/wa.me\/4915114004979\">Send WhatsApp message<\/a><\/div><\/div><\/div><\/div>","protected":false},"excerpt":{"rendered":"","protected":false},"author":1,"featured_media":0,"parent":0,"menu_order":0,"comment_status":"closed","ping_status":"closed","template":"","meta":{"inline_featured_image":false,"footnotes":""},"class_list":["post-357","page","type-page","status-publish","hentry"],"yoast_head":"<!-- This site is optimized with the Yoast SEO plugin v26.2 - https:\/\/yoast.com\/wordpress\/plugins\/seo\/ -->\n<title>F\u00fchrungskr\u00e4ftebewertung und -entwicklung - Boardside Executive Transition<\/title>\n<meta name=\"robots\" content=\"index, follow, max-snippet:-1, max-image-preview:large, max-video-preview:-1\" \/>\n<link rel=\"canonical\" href=\"https:\/\/boardsideexecutivetransition.com\/en\/integrated-leadership-assessments-and-development\/\" \/>\n<meta property=\"og:locale\" content=\"en_GB\" \/>\n<meta property=\"og:type\" content=\"article\" \/>\n<meta property=\"og:title\" content=\"F\u00fchrungskr\u00e4ftebewertung und -entwicklung - Boardside Executive Transition\" \/>\n<meta property=\"og:url\" content=\"https:\/\/boardsideexecutivetransition.com\/en\/integrated-leadership-assessments-and-development\/\" \/>\n<meta property=\"og:site_name\" content=\"Boardside Executive Transition\" \/>\n<meta property=\"article:modified_time\" content=\"2025-10-22T08:00:42+00:00\" \/>\n<meta name=\"twitter:card\" content=\"summary_large_image\" \/>\n<script type=\"application\/ld+json\" class=\"yoast-schema-graph\">{\"@context\":\"https:\/\/schema.org\",\"@graph\":[{\"@type\":\"WebPage\",\"@id\":\"https:\/\/boardsideexecutivetransition.com\/integrated-leadership-assessments-and-development\/\",\"url\":\"https:\/\/boardsideexecutivetransition.com\/integrated-leadership-assessments-and-development\/\",\"name\":\"F\u00fchrungskr\u00e4ftebewertung und -entwicklung - Boardside Executive Transition\",\"isPartOf\":{\"@id\":\"https:\/\/boardsideexecutivetransition.com\/#website\"},\"datePublished\":\"2025-07-28T07:37:00+00:00\",\"dateModified\":\"2025-10-22T08:00:42+00:00\",\"breadcrumb\":{\"@id\":\"https:\/\/boardsideexecutivetransition.com\/integrated-leadership-assessments-and-development\/#breadcrumb\"},\"inLanguage\":\"en-GB\",\"potentialAction\":[{\"@type\":\"ReadAction\",\"target\":[\"https:\/\/boardsideexecutivetransition.com\/integrated-leadership-assessments-and-development\/\"]}]},{\"@type\":\"BreadcrumbList\",\"@id\":\"https:\/\/boardsideexecutivetransition.com\/integrated-leadership-assessments-and-development\/#breadcrumb\",\"itemListElement\":[{\"@type\":\"ListItem\",\"position\":1,\"name\":\"Startseite\",\"item\":\"https:\/\/boardsideexecutivetransition.com\/\"},{\"@type\":\"ListItem\",\"position\":2,\"name\":\"F\u00fchrungskr\u00e4ftebewertung und -entwicklung\"}]},{\"@type\":\"WebSite\",\"@id\":\"https:\/\/boardsideexecutivetransition.com\/#website\",\"url\":\"https:\/\/boardsideexecutivetransition.com\/\",\"name\":\"Boardside Executive Transition\",\"description\":\"Karriere-, Business- und Lebensberatung f\u00fcr F\u00fchrungskr\u00e4fte. Beratung auf C-Level und Bewertung von F\u00fchrungsqualit\u00e4ten. Coaching an pers\u00f6nlichen und beruflichen Wendepunkten.\",\"potentialAction\":[{\"@type\":\"SearchAction\",\"target\":{\"@type\":\"EntryPoint\",\"urlTemplate\":\"https:\/\/boardsideexecutivetransition.com\/?s={search_term_string}\"},\"query-input\":{\"@type\":\"PropertyValueSpecification\",\"valueRequired\":true,\"valueName\":\"search_term_string\"}}],\"inLanguage\":\"en-GB\"}]}<\/script>\n<!-- \/ Yoast SEO plugin. -->","yoast_head_json":{"title":"F\u00fchrungskr\u00e4ftebewertung und -entwicklung - Boardside Executive Transition","robots":{"index":"index","follow":"follow","max-snippet":"max-snippet:-1","max-image-preview":"max-image-preview:large","max-video-preview":"max-video-preview:-1"},"canonical":"https:\/\/boardsideexecutivetransition.com\/en\/integrated-leadership-assessments-and-development\/","og_locale":"en_GB","og_type":"article","og_title":"F\u00fchrungskr\u00e4ftebewertung und -entwicklung - Boardside Executive Transition","og_url":"https:\/\/boardsideexecutivetransition.com\/en\/integrated-leadership-assessments-and-development\/","og_site_name":"Boardside Executive Transition","article_modified_time":"2025-10-22T08:00:42+00:00","twitter_card":"summary_large_image","schema":{"@context":"https:\/\/schema.org","@graph":[{"@type":"WebPage","@id":"https:\/\/boardsideexecutivetransition.com\/integrated-leadership-assessments-and-development\/","url":"https:\/\/boardsideexecutivetransition.com\/integrated-leadership-assessments-and-development\/","name":"F\u00fchrungskr\u00e4ftebewertung und -entwicklung - Boardside Executive Transition","isPartOf":{"@id":"https:\/\/boardsideexecutivetransition.com\/#website"},"datePublished":"2025-07-28T07:37:00+00:00","dateModified":"2025-10-22T08:00:42+00:00","breadcrumb":{"@id":"https:\/\/boardsideexecutivetransition.com\/integrated-leadership-assessments-and-development\/#breadcrumb"},"inLanguage":"en-GB","potentialAction":[{"@type":"ReadAction","target":["https:\/\/boardsideexecutivetransition.com\/integrated-leadership-assessments-and-development\/"]}]},{"@type":"BreadcrumbList","@id":"https:\/\/boardsideexecutivetransition.com\/integrated-leadership-assessments-and-development\/#breadcrumb","itemListElement":[{"@type":"ListItem","position":1,"name":"Startseite","item":"https:\/\/boardsideexecutivetransition.com\/"},{"@type":"ListItem","position":2,"name":"F\u00fchrungskr\u00e4ftebewertung und -entwicklung"}]},{"@type":"WebSite","@id":"https:\/\/boardsideexecutivetransition.com\/#website","url":"https:\/\/boardsideexecutivetransition.com\/","name":"Boardside Executive Transition","description":"Karriere-, Business- und Lebensberatung f\u00fcr F\u00fchrungskr\u00e4fte. Beratung auf C-Level und Bewertung von F\u00fchrungsqualit\u00e4ten. Coaching an pers\u00f6nlichen und beruflichen Wendepunkten.","potentialAction":[{"@type":"SearchAction","target":{"@type":"EntryPoint","urlTemplate":"https:\/\/boardsideexecutivetransition.com\/?s={search_term_string}"},"query-input":{"@type":"PropertyValueSpecification","valueRequired":true,"valueName":"search_term_string"}}],"inLanguage":"en-GB"}]}},"_links":{"self":[{"href":"https:\/\/boardsideexecutivetransition.com\/en\/wp-json\/wp\/v2\/pages\/357","targetHints":{"allow":["GET"]}}],"collection":[{"href":"https:\/\/boardsideexecutivetransition.com\/en\/wp-json\/wp\/v2\/pages"}],"about":[{"href":"https:\/\/boardsideexecutivetransition.com\/en\/wp-json\/wp\/v2\/types\/page"}],"author":[{"embeddable":true,"href":"https:\/\/boardsideexecutivetransition.com\/en\/wp-json\/wp\/v2\/users\/1"}],"replies":[{"embeddable":true,"href":"https:\/\/boardsideexecutivetransition.com\/en\/wp-json\/wp\/v2\/comments?post=357"}],"version-history":[{"count":30,"href":"https:\/\/boardsideexecutivetransition.com\/en\/wp-json\/wp\/v2\/pages\/357\/revisions"}],"predecessor-version":[{"id":1440,"href":"https:\/\/boardsideexecutivetransition.com\/en\/wp-json\/wp\/v2\/pages\/357\/revisions\/1440"}],"wp:attachment":[{"href":"https:\/\/boardsideexecutivetransition.com\/en\/wp-json\/wp\/v2\/media?parent=357"}],"curies":[{"name":"wp","href":"https:\/\/api.w.org\/{rel}","templated":true}]}}