{"id":175,"date":"2025-08-01T16:37:13","date_gmt":"2025-08-01T14:37:13","guid":{"rendered":"https:\/\/boardsideexecutivetransition.com\/?page_id=175"},"modified":"2025-10-22T09:49:44","modified_gmt":"2025-10-22T07:49:44","slug":"career-coaching-and-counseling","status":"publish","type":"page","link":"https:\/\/boardsideexecutivetransition.com\/en\/career-coaching-and-counseling\/","title":{"rendered":"Karriere Coaching und Beratung"},"content":{"rendered":"<div class=\"et_pb_section_0 et_pb_section et_section_regular et_block_section\">\n<div class=\"et_pb_row_0 et_pb_row et_flex_row\">\n<div class=\"et_pb_column_0 et_pb_column et_flex_column_12_24 et_flex_column_24_24_phone et_flex_column et_pb_css_mix_blend_mode_passthrough\">\n<div class=\"et_pb_row_1 et_pb_row et_pb_row_nested et_flex_row\">\n<div class=\"et_pb_column_1 et_pb_column et-last-child et_flex_column_24_24 et_flex_column et_pb_css_mix_blend_mode_passthrough\">\n<div class=\"et_pb_heading_0 et_pb_heading et_pb_module\"><div class=\"et_pb_heading_container\"><h1 class=\"et_pb_module_header\">Career coaching and counselling<\/h1><\/div><\/div>\n<\/div>\n<\/div>\n\n<div class=\"et_pb_text_0 et_pb_text et_pb_bg_layout_light et_pb_module\"><div class=\"et_pb_text_inner\"><h2>Discover your strengths. Define your path. Increase your success.\u00a0<\/h2>\n<p>&nbsp;<\/p>\n<\/div><\/div>\n\n<div class=\"et_pb_text_1 et_pb_text et_pb_bg_layout_light et_pb_module\"><div class=\"et_pb_text_inner\"><p>You can expect a truly hands-on approach that allows you to take well-informed career decisions and to implement them. I will be working with you on exploring various career options, assessing your strengths and qualifications and identifying the most suitable opportunities that align with your vision. Through personalized assessments and one-on-one discussions, you will get clarity on your goals, uncover new opportunities, and develop actionable strategies for long-term success in your professional journey.<\/p>\n<\/div><\/div>\n<\/div>\n\n<div class=\"et_pb_column_2 et_pb_column et-last-child et_flex_column_12_24 et_flex_column_24_24_phone et_flex_column et_pb_css_mix_blend_mode_passthrough\">\n<div class=\"et_pb_image_0 et_pb_image et_pb_module\"><span class=\"et_pb_image_wrap\"><img loading=\"lazy\" decoding=\"async\" src=\"https:\/\/boardsideexecutivetransition.com\/wp-content\/uploads\/2025\/09\/Bild-Frau-von-hinten.png\" width=\"800\" height=\"958\" srcset=\"https:\/\/boardsideexecutivetransition.com\/wp-content\/uploads\/2025\/09\/Bild-Frau-von-hinten.png 800w, https:\/\/boardsideexecutivetransition.com\/wp-content\/uploads\/2025\/09\/Bild-Frau-von-hinten-480x575.png 480w\" sizes=\"(min-width: 0px) and (max-width: 480px) 480px, (min-width: 481px) 800px, 100vw\" class=\"wp-image-674\" \/><\/span><\/div>\n<\/div>\n<\/div>\n\n<div class=\"et_pb_row_2 et_pb_row et_flex_row\">\n<div class=\"et_pb_column_3 et_pb_column et_flex_column_12_24 et_flex_column_24_24_phone et_flex_column et_pb_css_mix_blend_mode_passthrough\">\n<div class=\"et_pb_image_1 et_pb_image et_pb_module\"><span class=\"et_pb_image_wrap\"><img loading=\"lazy\" decoding=\"async\" src=\"https:\/\/boardsideexecutivetransition.com\/wp-content\/uploads\/2025\/07\/BB-Services-Form-02.png\" width=\"850\" height=\"958\" srcset=\"https:\/\/boardsideexecutivetransition.com\/wp-content\/uploads\/2025\/07\/BB-Services-Form-02.png 850w, https:\/\/boardsideexecutivetransition.com\/wp-content\/uploads\/2025\/07\/BB-Services-Form-02-480x541.png 480w\" sizes=\"(min-width: 0px) and (max-width: 480px) 480px, (min-width: 481px) 850px, 100vw\" class=\"wp-image-328\" \/><\/span><\/div>\n<\/div>\n\n<div class=\"et_pb_column_4 et_pb_column et-last-child et_flex_column_12_24 et_flex_column_24_24_phone et_flex_column et_pb_css_mix_blend_mode_passthrough\">\n<div class=\"et_pb_text_2 et_pb_text et_pb_bg_layout_light et_pb_module\"><div class=\"et_pb_text_inner\"><h2>Personalised career coaching to help you reach your full potential<\/h2>\n<\/div><\/div>\n\n<div class=\"et_pb_text_3 et_pb_text et_pb_bg_layout_light et_pb_module\"><div class=\"et_pb_text_inner\"><p>My counseling approach also involves a comprehensive assessment (HOGAN) that will provide valuable insights into your drivers and career motivators as well as your leadership potential.  Together, we will craft your personal brand and mission statement and develop a tailored career strategy. If required we will be reviewing your documents, preparing for interviews, and discussing how best to engage with potential employers and executive search firms. We will also work together on your smooth and accelerated integration into your new work environment.<\/p>\n<\/div><\/div>\n<\/div>\n<\/div>\n\n<div class=\"et_pb_row_3 et_pb_row et_flex_row\">\n<div class=\"et_pb_column_5 et_pb_column et_flex_column_12_24 et_flex_column_24_24_phone et_flex_column et_pb_css_mix_blend_mode_passthrough\">\n<div class=\"et_pb_module et_pb_button_module_wrapper et_pb_button_0_wrapper\"><a class=\"et_pb_button_0 et_pb_button et_pb_bg_layout_light\" href=\"mailto:bretthauer@boardsideet.com?subject=Freeprelimianrychat&amp;body=Iwouldliketotakeadvantageofyourofferforafreepreliminaryconsultation.PleasecontactmeatEmailMobileKindregards\">Free preliminary chat<\/a><\/div>\n\n<div class=\"et_pb_text_4 et_pb_text et_pb_bg_layout_light et_pb_module\"><div class=\"et_pb_text_inner\" data-et-multi-view-load-tablet-hidden=\"true\" data-et-multi-view-load-phone-hidden=\"true\"><h4>Choose an initial personal meeting<\/h4>\n<p>This will give you an initial impression of my approach and provide you with an opportunity to ask questions. This non-binding conversation will assist us in determining whether working together is the right next step for you.<\/p>\n<\/div><\/div>\n<\/div>\n\n<div class=\"et_pb_column_6 et_pb_column et-last-child et_flex_column_12_24 et_flex_column_24_24_phone et_flex_column et_pb_css_mix_blend_mode_passthrough\">\n<div class=\"et_pb_image_2 et_pb_image et_pb_module\"><span class=\"et_pb_image_wrap\"><img loading=\"lazy\" decoding=\"async\" src=\"https:\/\/boardsideexecutivetransition.com\/wp-content\/uploads\/2025\/07\/BB-Services-Form-03-1.png\" width=\"850\" height=\"958\" srcset=\"https:\/\/boardsideexecutivetransition.com\/wp-content\/uploads\/2025\/07\/BB-Services-Form-03-1.png 850w, https:\/\/boardsideexecutivetransition.com\/wp-content\/uploads\/2025\/07\/BB-Services-Form-03-1-480x541.png 480w\" sizes=\"(min-width: 0px) and (max-width: 480px) 480px, (min-width: 481px) 850px, 100vw\" class=\"wp-image-335\" \/><\/span><\/div>\n<\/div>\n<\/div>\n<\/div>\n\n<div class=\"et_pb_section_1 et_pb_section et_section_regular et_flex_section et_clickable\"><div class=\"et_pb_row_4 et_pb_row et_flex_row\"><div class=\"et_pb_column_7 et_pb_column et-last-child et_flex_column_24_24 et_flex_column et_pb_css_mix_blend_mode_passthrough\"><div class=\"et_pb_heading_1 et_pb_heading et_pb_module\"><div class=\"et_pb_heading_container\"><h1 class=\"et_pb_module_header\">Are you ready to take the next step as a leader?<\/h1><\/div><\/div><div class=\"et_pb_text_5 et_pb_text et_pb_bg_layout_light et_pb_module\"><div class=\"et_pb_text_inner\" data-et-multi-view-load-tablet-hidden=\"true\" data-et-multi-view-load-phone-hidden=\"true\"><p class=\"translation-block\"><strong>Berit Bretthauer and Boardside Executive Transition<\/strong> <br> will guide you with clarity, experience, and strategic insight.\nSelect the appropriate button now and let us begin the conversation.<\/p>\n<\/div><\/div><\/div><\/div><div class=\"et_pb_row_5 et_pb_row et_flex_row\"><div class=\"et_pb_column_8 et_pb_column et_flex_column_24_24 et_flex_column et_pb_css_mix_blend_mode_passthrough\"><div class=\"et_pb_module et_pb_button_module_wrapper et_pb_button_1_wrapper\"><a class=\"et_pb_button_1 et_pb_button et_pb_bg_layout_light\" href=\"mailto:bretthauer@boardsideet.com?subject=Freeprelimianrychat&amp;body=Iwouldliketotakeadvantageofyourofferforafreepreliminaryconsultation.PleasecontactmeatEmailMobileKindregards\">Write an email<\/a><\/div><\/div><div class=\"et_pb_column_9 et_pb_column et-last-child et_flex_column_24_24 et_flex_column et_pb_css_mix_blend_mode_passthrough\"><div class=\"et_pb_module et_pb_button_module_wrapper et_pb_button_2_wrapper\"><a class=\"et_pb_button_2 et_pb_button et_pb_bg_layout_light\" href=\"https:\/\/wa.me\/4915114004979\">Send WhatsApp message<\/a><\/div><\/div><\/div><\/div>","protected":false},"excerpt":{"rendered":"","protected":false},"author":1,"featured_media":0,"parent":0,"menu_order":0,"comment_status":"closed","ping_status":"closed","template":"","meta":{"inline_featured_image":false,"footnotes":""},"class_list":["post-175","page","type-page","status-publish","hentry"],"yoast_head":"<!-- This site is optimized with the Yoast SEO plugin v26.2 - https:\/\/yoast.com\/wordpress\/plugins\/seo\/ -->\n<title>Karriere Coaching und Beratung - Boardside Executive Transition<\/title>\n<meta name=\"robots\" content=\"index, follow, max-snippet:-1, max-image-preview:large, max-video-preview:-1\" \/>\n<link rel=\"canonical\" href=\"https:\/\/boardsideexecutivetransition.com\/en\/career-coaching-and-counseling\/\" \/>\n<meta property=\"og:locale\" content=\"en_GB\" \/>\n<meta property=\"og:type\" content=\"article\" \/>\n<meta property=\"og:title\" content=\"Karriere Coaching und Beratung - Boardside Executive Transition\" \/>\n<meta property=\"og:url\" content=\"https:\/\/boardsideexecutivetransition.com\/en\/career-coaching-and-counseling\/\" \/>\n<meta property=\"og:site_name\" content=\"Boardside Executive Transition\" \/>\n<meta property=\"article:modified_time\" content=\"2025-10-22T07:49:44+00:00\" \/>\n<meta name=\"twitter:card\" content=\"summary_large_image\" \/>\n<script type=\"application\/ld+json\" class=\"yoast-schema-graph\">{\"@context\":\"https:\/\/schema.org\",\"@graph\":[{\"@type\":\"WebPage\",\"@id\":\"https:\/\/boardsideexecutivetransition.com\/career-coaching-and-counseling\/\",\"url\":\"https:\/\/boardsideexecutivetransition.com\/career-coaching-and-counseling\/\",\"name\":\"Karriere Coaching und Beratung - Boardside Executive Transition\",\"isPartOf\":{\"@id\":\"https:\/\/boardsideexecutivetransition.com\/#website\"},\"datePublished\":\"2025-08-01T14:37:13+00:00\",\"dateModified\":\"2025-10-22T07:49:44+00:00\",\"breadcrumb\":{\"@id\":\"https:\/\/boardsideexecutivetransition.com\/career-coaching-and-counseling\/#breadcrumb\"},\"inLanguage\":\"en-GB\",\"potentialAction\":[{\"@type\":\"ReadAction\",\"target\":[\"https:\/\/boardsideexecutivetransition.com\/career-coaching-and-counseling\/\"]}]},{\"@type\":\"BreadcrumbList\",\"@id\":\"https:\/\/boardsideexecutivetransition.com\/career-coaching-and-counseling\/#breadcrumb\",\"itemListElement\":[{\"@type\":\"ListItem\",\"position\":1,\"name\":\"Startseite\",\"item\":\"https:\/\/boardsideexecutivetransition.com\/\"},{\"@type\":\"ListItem\",\"position\":2,\"name\":\"Karriere Coaching und Beratung\"}]},{\"@type\":\"WebSite\",\"@id\":\"https:\/\/boardsideexecutivetransition.com\/#website\",\"url\":\"https:\/\/boardsideexecutivetransition.com\/\",\"name\":\"Boardside Executive Transition\",\"description\":\"Karriere-, Business- und Lebensberatung f\u00fcr F\u00fchrungskr\u00e4fte. Beratung auf C-Level und Bewertung von F\u00fchrungsqualit\u00e4ten. Coaching an pers\u00f6nlichen und beruflichen Wendepunkten.\",\"potentialAction\":[{\"@type\":\"SearchAction\",\"target\":{\"@type\":\"EntryPoint\",\"urlTemplate\":\"https:\/\/boardsideexecutivetransition.com\/?s={search_term_string}\"},\"query-input\":{\"@type\":\"PropertyValueSpecification\",\"valueRequired\":true,\"valueName\":\"search_term_string\"}}],\"inLanguage\":\"en-GB\"}]}<\/script>\n<!-- \/ Yoast SEO plugin. -->","yoast_head_json":{"title":"Karriere Coaching und Beratung - Boardside Executive Transition","robots":{"index":"index","follow":"follow","max-snippet":"max-snippet:-1","max-image-preview":"max-image-preview:large","max-video-preview":"max-video-preview:-1"},"canonical":"https:\/\/boardsideexecutivetransition.com\/en\/career-coaching-and-counseling\/","og_locale":"en_GB","og_type":"article","og_title":"Karriere Coaching und Beratung - Boardside Executive Transition","og_url":"https:\/\/boardsideexecutivetransition.com\/en\/career-coaching-and-counseling\/","og_site_name":"Boardside Executive Transition","article_modified_time":"2025-10-22T07:49:44+00:00","twitter_card":"summary_large_image","schema":{"@context":"https:\/\/schema.org","@graph":[{"@type":"WebPage","@id":"https:\/\/boardsideexecutivetransition.com\/career-coaching-and-counseling\/","url":"https:\/\/boardsideexecutivetransition.com\/career-coaching-and-counseling\/","name":"Karriere Coaching und Beratung - Boardside Executive Transition","isPartOf":{"@id":"https:\/\/boardsideexecutivetransition.com\/#website"},"datePublished":"2025-08-01T14:37:13+00:00","dateModified":"2025-10-22T07:49:44+00:00","breadcrumb":{"@id":"https:\/\/boardsideexecutivetransition.com\/career-coaching-and-counseling\/#breadcrumb"},"inLanguage":"en-GB","potentialAction":[{"@type":"ReadAction","target":["https:\/\/boardsideexecutivetransition.com\/career-coaching-and-counseling\/"]}]},{"@type":"BreadcrumbList","@id":"https:\/\/boardsideexecutivetransition.com\/career-coaching-and-counseling\/#breadcrumb","itemListElement":[{"@type":"ListItem","position":1,"name":"Startseite","item":"https:\/\/boardsideexecutivetransition.com\/"},{"@type":"ListItem","position":2,"name":"Karriere Coaching und Beratung"}]},{"@type":"WebSite","@id":"https:\/\/boardsideexecutivetransition.com\/#website","url":"https:\/\/boardsideexecutivetransition.com\/","name":"Boardside Executive Transition","description":"Karriere-, Business- und Lebensberatung f\u00fcr F\u00fchrungskr\u00e4fte. Beratung auf C-Level und Bewertung von F\u00fchrungsqualit\u00e4ten. Coaching an pers\u00f6nlichen und beruflichen Wendepunkten.","potentialAction":[{"@type":"SearchAction","target":{"@type":"EntryPoint","urlTemplate":"https:\/\/boardsideexecutivetransition.com\/?s={search_term_string}"},"query-input":{"@type":"PropertyValueSpecification","valueRequired":true,"valueName":"search_term_string"}}],"inLanguage":"en-GB"}]}},"_links":{"self":[{"href":"https:\/\/boardsideexecutivetransition.com\/en\/wp-json\/wp\/v2\/pages\/175","targetHints":{"allow":["GET"]}}],"collection":[{"href":"https:\/\/boardsideexecutivetransition.com\/en\/wp-json\/wp\/v2\/pages"}],"about":[{"href":"https:\/\/boardsideexecutivetransition.com\/en\/wp-json\/wp\/v2\/types\/page"}],"author":[{"embeddable":true,"href":"https:\/\/boardsideexecutivetransition.com\/en\/wp-json\/wp\/v2\/users\/1"}],"replies":[{"embeddable":true,"href":"https:\/\/boardsideexecutivetransition.com\/en\/wp-json\/wp\/v2\/comments?post=175"}],"version-history":[{"count":45,"href":"https:\/\/boardsideexecutivetransition.com\/en\/wp-json\/wp\/v2\/pages\/175\/revisions"}],"predecessor-version":[{"id":1433,"href":"https:\/\/boardsideexecutivetransition.com\/en\/wp-json\/wp\/v2\/pages\/175\/revisions\/1433"}],"wp:attachment":[{"href":"https:\/\/boardsideexecutivetransition.com\/en\/wp-json\/wp\/v2\/media?parent=175"}],"curies":[{"name":"wp","href":"https:\/\/api.w.org\/{rel}","templated":true}]}}