{"id":1277,"date":"2025-10-21T11:39:51","date_gmt":"2025-10-21T09:39:51","guid":{"rendered":"https:\/\/boardsideexecutivetransition.com\/?page_id=1277"},"modified":"2025-11-04T12:12:17","modified_gmt":"2025-11-04T11:12:17","slug":"home","status":"publish","type":"page","link":"https:\/\/boardsideexecutivetransition.com\/en\/","title":{"rendered":"Home"},"content":{"rendered":"<div class=\"et_pb_section_0 et_pb_section et_section_regular et_flex_section\">\n<div class=\"et_pb_row_0 et_pb_row et_flex_row\">\n<div class=\"et_pb_column_0 et_pb_column et_flex_column_24_24 et_flex_column et_pb_css_mix_blend_mode_passthrough\">\n<div class=\"et_pb_text_0 et_pb_text et_pb_bg_layout_light et_pb_module\"><div class=\"et_pb_text_inner\"><h1>Quo vadis: Unlocking Potential<\/h1>\n<\/div><\/div>\n\n<div class=\"et_pb_text_1 et_pb_text et_pb_bg_layout_light et_pb_module\"><div class=\"et_pb_text_inner\"><h3 style=\"font-weight: 400;\">Career Coaching and Leadership Assessment:<\/h3>\n<\/div><\/div>\n\n<div class=\"et_pb_text_2 et_pb_text et_pb_bg_layout_light et_pb_module\"><div class=\"et_pb_text_inner\"><p style=\"font-weight: 400;\" class=\"translation-block\">There are turning points in your professional or personal life, where you might need to make an active decision: <br><strong>should I change to another role, career or industry?<\/strong><\/p>\n<p style=\"font-weight: 400;\" class=\"translation-block\">There also comes a time at the top of any career when this development journey begins to slow down and you might face one of life\u2019s biggest reflection points: <br><strong>What impact do I want to make in my life? Where am I heading?<\/strong><\/p>\n<p style=\"font-weight: 400;\">With a combination of career coaching and practical advice, I help and guide you to find the right answers for you. Our leadership assessment offers leaders the right support in selecting and developing their team for today and tomorrow.<\/p>\n<\/div><\/div>\n\n<div class=\"et_pb_image_0 et_pb_image et_pb_image_bottom_space_phone et_pb_module\"><span class=\"et_pb_image_wrap\"><img loading=\"lazy\" decoding=\"async\" src=\"https:\/\/boardsideexecutivetransition.com\/wp-content\/uploads\/2025\/07\/BB-Services-Form_01.png\" width=\"850\" height=\"958\" srcset=\"https:\/\/boardsideexecutivetransition.com\/wp-content\/uploads\/2025\/07\/BB-Services-Form_01.png 850w, https:\/\/boardsideexecutivetransition.com\/wp-content\/uploads\/2025\/07\/BB-Services-Form_01-480x541.png 480w\" sizes=\"(min-width: 0px) and (max-width: 480px) 480px, (min-width: 481px) 850px, 100vw\" class=\"wp-image-326\" title=\"Form-Treppe-01\" \/><\/span><\/div>\n\n<div class=\"et_pb_module et_pb_button_module_wrapper et_pb_button_0_wrapper\"><a class=\"et_pb_button_0 et_pb_button et_pb_bg_layout_light\" href=\"mailto:bretthauer@boardsideet.com?subject=Freeprelimianrychat&amp;body=Iwouldliketotakeadvantageofyourofferforafreepreliminaryconsultation.PleasecontactmeatEmailMobileKindregards\">Free preliminary chat<\/a><\/div>\n\n<div class=\"et_pb_text_3 et_pb_text et_pb_bg_layout_light et_pb_module\"><div class=\"et_pb_text_inner\" data-et-multi-view-load-phone-hidden=\"true\"><h4>Select a free initial consultation.<\/h4>\n<p>You will get a first impression of my approach and have the opportunity to ask questions. This non-binding conversation will help us determine whether working together is the right next step for you.<\/p>\n<\/div><\/div>\n<\/div>\n\n<div class=\"et_pb_column_1 et_pb_column et-last-child et_flex_column_24_24 et_flex_column et_pb_css_mix_blend_mode_passthrough\">\n<div class=\"et_pb_image_1 et_pb_image et_pb_image_bottom_space_tablet et_pb_image_bottom_space_phone et_pb_module\"><span class=\"et_pb_image_wrap\"><img loading=\"lazy\" decoding=\"async\" src=\"https:\/\/boardsideexecutivetransition.com\/wp-content\/uploads\/2025\/07\/Berit-Bretthauer-02.png\" width=\"550\" height=\"659\" srcset=\"https:\/\/boardsideexecutivetransition.com\/wp-content\/uploads\/2025\/07\/Berit-Bretthauer-02.png 550w, https:\/\/boardsideexecutivetransition.com\/wp-content\/uploads\/2025\/07\/Berit-Bretthauer-02-480x575.png 480w\" sizes=\"(min-width: 0px) and (max-width: 480px) 480px, (min-width: 481px) 550px, 100vw\" class=\"wp-image-122\" title=\"Form-BB-01\" \/><\/span><\/div>\n\n<div class=\"et_pb_text_4 et_pb_text et_pb_bg_layout_light et_pb_module\"><div class=\"et_pb_text_inner\"><h3>What defines Me<\/h3>\n<\/div><\/div>\n\n<div class=\"et_pb_text_5 et_pb_text et_pb_bg_layout_light et_pb_module\"><div class=\"et_pb_text_inner\" data-et-multi-view-load-tablet-hidden=\"true\" data-et-multi-view-load-phone-hidden=\"true\"><p style=\"font-weight: 400;\">Inspired by my many years of experience as a career consultant and coach, Quo Vadis Career Coaching and Consulting was developed to provide you with effective support during career changes and turning points. As an experienced coach and long-standing partner in the field of executive search and assessment, I work with you on your personal and professional vision and help to put it into practice, no matter what challenges you face. It is an opportunity to reevaluate your career, reinvent yourself, or simply continue your current career path with a fresh personal and professional vision.<\/p>\n<\/div><\/div>\n\n<div class=\"et_pb_image_2 et_pb_image et_pb_module\"><span class=\"et_pb_image_wrap\"><img loading=\"lazy\" decoding=\"async\" src=\"https:\/\/boardsideexecutivetransition.com\/wp-content\/uploads\/2025\/10\/Illu-Broad-pfei-weissElement-42.svg\" width=\"0\" height=\"0\" class=\"wp-image-1305\" \/><\/span><\/div>\n<\/div>\n<\/div>\n<\/div>\n\n<div class=\"et_pb_section_1 et_pb_section et_section_regular et_flex_section\">\n<div class=\"et_pb_row_1 et_pb_row et_flex_row\">\n<div class=\"et_pb_column_2 et_pb_column et-last-child et_flex_column_24_24 et_flex_column et_pb_css_mix_blend_mode_passthrough\">\n<div class=\"et_pb_text_6 et_pb_text et_pb_bg_layout_light et_pb_module\"><div class=\"et_pb_text_inner\" data-et-multi-view-load-tablet-hidden=\"true\" data-et-multi-view-load-phone-hidden=\"true\"><h1 class=\"et_pb_module_header\" data-et-vb-editable-element=\"true\" contenteditable=\"true\" style=\"text-align: center;\">My approach<\/h1>\n<\/div><\/div>\n<\/div>\n<\/div>\n<\/div>\n\n<div class=\"et_pb_section_2 et_pb_section et_section_regular et_flex_section\">\n<div class=\"et_pb_row_2 et_pb_row et_flex_row\">\n<div class=\"et_pb_column_3 et_pb_column et-last-child et_flex_column_24_24 et_flex_column et_pb_css_mix_blend_mode_passthrough\">\n<div class=\"et_pb_group_0 et_pb_group et-last-child et_pb_module et_flex_group et_pb_css_mix_blend_mode_passthrough\">\n<div class=\"et_pb_text_7 et_pb_text et_pb_bg_layout_light et_pb_module\"><div class=\"et_pb_text_inner\"><p><span>The process is tailored to your specific challenges and aspirations, providing personalized guidance at every step. Whether you are preparing for a new role, overcoming leadership hurdles, or seeking alignment between your personal values and career goals, my approach is strategic, practical, and grounded in real-world leadership experience. If you are a leader looking for guidance on assessing and developing your talent you will profit from the same personal and targeted approach.<\/span><\/p>\n<\/div><\/div>\n\n<div class=\"et_pb_row_3 et_pb_row et_pb_row_nested et_flex_row\">\n<div class=\"et_pb_column_4 et_pb_column et_flex_column_12_24 et_flex_column_12_24_tablet et_flex_column_24_24_phone et_flex_column et_pb_css_mix_blend_mode_passthrough\">\n<div class=\"et_pb_text_8 et_pb_text et_pb_bg_layout_light et_pb_module\"><div class=\"et_pb_text_inner\"><h3>Career coaching and counselling<\/h3>\n<\/div><\/div>\n\n<div class=\"et_pb_text_9 et_pb_text et_pb_bg_layout_light et_pb_module\"><div class=\"et_pb_text_inner\"><p class=\"translation-block\">In our dynamic world of daily change, leadership is more important than ever. Effective leadership can inspire and motivate teams, promote innovation, create a positive work culture, and drive change.<\/p>\n<\/div><\/div>\n\n<div class=\"et_pb_image_3 et_pb_image et_pb_module\"><a href=\"https:\/\/boardsideexecutivetransition.com\/en\/career-coaching-and-counseling\/\"><span class=\"et_pb_image_wrap\"><img loading=\"lazy\" decoding=\"async\" src=\"https:\/\/boardsideexecutivetransition.com\/wp-content\/uploads\/2025\/10\/Illu-Broad-pfeilElement-41.svg\" width=\"0\" height=\"0\" class=\"wp-image-1307\" \/><\/span><\/a><\/div>\n<\/div>\n\n<div class=\"et_pb_column_5 et_pb_column et-last-child et_flex_column_12_24 et_flex_column_12_24_tablet et_flex_column_24_24_phone et_flex_column et_pb_css_mix_blend_mode_passthrough\">\n<div class=\"et_pb_text_10 et_pb_text et_pb_bg_layout_light et_pb_module\"><div class=\"et_pb_text_inner\"><h3>Integrierte F\u00fchrungskr\u00e4ftebewertung\u2028 und -entwicklung<\/h3>\n<\/div><\/div>\n\n<div class=\"et_pb_text_11 et_pb_text et_pb_bg_layout_light et_pb_module\"><div class=\"et_pb_text_inner\"><p><span>You can expect a practical approach that will enable you to make informed career decisions and to put them into practice.<\/span><\/p>\n<\/div><\/div>\n\n<div class=\"et_pb_image_4 et_pb_image et_pb_module\"><a href=\"https:\/\/boardsideexecutivetransition.com\/en\/integrated-leadership-assessments-and-development\/\"><span class=\"et_pb_image_wrap\"><img loading=\"lazy\" decoding=\"async\" src=\"https:\/\/boardsideexecutivetransition.com\/wp-content\/uploads\/2025\/10\/Illu-Broad-pfeilElement-41.svg\" width=\"0\" height=\"0\" class=\"wp-image-1307\" \/><\/span><\/a><\/div>\n<\/div>\n<\/div>\n<\/div>\n<\/div>\n<\/div>\n<\/div>\n\n<div class=\"et_pb_section_3 et_pb_section et_section_regular et_flex_section et_clickable\">\n<div class=\"et_pb_row_4 et_pb_row et_flex_row\">\n<div class=\"et_pb_column_6 et_pb_column et-last-child et_flex_column_24_24 et_flex_column et_pb_css_mix_blend_mode_passthrough\">\n<div class=\"et_pb_text_12 et_pb_text et_pb_bg_layout_light et_pb_module\"><div class=\"et_pb_text_inner\"><p><span>The process is tailored to your specific challenges and aspirations, providing personalized guidance at every step. Whether you are preparing for a new role, overcoming leadership hurdles, or seeking alignment between your personal values and career goals, my approach is strategic, practical, and grounded in real-world leadership experience. If you are a leader looking for guidance on assessing and developing your talent you will profit from the same personal and targeted approach.<\/span><\/p>\n<\/div><\/div>\n<\/div>\n<\/div>\n\n<div class=\"et_pb_row_5 et_pb_row et_flex_row\">\n<div class=\"et_pb_column_7 et_pb_column et-last-child et_flex_column_12_24 et_flex_column_24_24_phone et_flex_column et_pb_css_mix_blend_mode_passthrough\">\n<div class=\"et_pb_text_13 et_pb_text et_pb_bg_layout_light et_pb_module\"><div class=\"et_pb_text_inner\"><h3>Career coaching and counselling<\/h3>\n<\/div><\/div>\n<\/div>\n<\/div>\n\n<div class=\"et_pb_row_6 et_pb_row et_flex_row\">\n<div class=\"et_pb_column_8 et_pb_column et_flex_column_12_24 et_flex_column_24_24_phone et_flex_column et_pb_css_mix_blend_mode_passthrough\">\n<div class=\"et_pb_text_14 et_pb_text et_pb_bg_layout_light et_pb_module\"><div class=\"et_pb_text_inner\"><p><span>You can expect a practical approach that will enable you to make informed career decisions and to put them into practice.<\/span><\/p>\n<\/div><\/div>\n\n<div class=\"et_pb_image_5 et_pb_image et_pb_module\"><span class=\"et_pb_image_wrap\"><img loading=\"lazy\" decoding=\"async\" src=\"https:\/\/boardsideexecutivetransition.com\/wp-content\/uploads\/2025\/10\/Illu-Broad-pfeilElement-41.svg\" width=\"0\" height=\"0\" class=\"wp-image-1307\" \/><\/span><\/div>\n<\/div>\n\n<div class=\"et_pb_column_9 et_pb_column et-last-child et_flex_column_12_24 et_flex_column_24_24_phone et_flex_column et_pb_css_mix_blend_mode_passthrough\">\n<div class=\"et_pb_text_15 et_pb_text et_pb_bg_layout_light et_pb_module\"><div class=\"et_pb_text_inner\"><h3>Integrierte F\u00fchrungskr\u00e4ftebewertung\u2028 und -entwicklung<\/h3>\n<\/div><\/div>\n\n<div class=\"et_pb_text_16 et_pb_text et_pb_bg_layout_light et_pb_module\"><div class=\"et_pb_text_inner\"><p class=\"translation-block\">In our dynamic world of daily change, leadership is more important than ever. Effective leadership can inspire and motivate teams, promote innovation, create a positive work culture, and drive change.<\/p>\n<\/div><\/div>\n\n<div class=\"et_pb_image_6 et_pb_image et_pb_image_bottom_space_phone et_pb_module\"><a href=\"https:\/\/boardsideexecutivetransition.com\/en\/integrated-leadership-assessments-and-development\/\"><span class=\"et_pb_image_wrap\"><img loading=\"lazy\" decoding=\"async\" src=\"https:\/\/boardsideexecutivetransition.com\/wp-content\/uploads\/2025\/10\/Illu-Broad-pfeilElement-41.svg\" width=\"0\" height=\"0\" class=\"wp-image-1307\" \/><\/span><\/a><\/div>\n<\/div>\n<\/div>\n<\/div>\n\n<div class=\"et_pb_section_4 et_pb_section et_section_regular et_flex_section et_clickable\"><div class=\"et_pb_row_7 et_pb_row et_flex_row\"><div class=\"et_pb_column_10 et_pb_column et-last-child et_flex_column_24_24 et_flex_column et_pb_css_mix_blend_mode_passthrough\"><div class=\"et_pb_heading_0 et_pb_heading et_pb_module\"><div class=\"et_pb_heading_container\"><h1 class=\"et_pb_module_header\">Are you ready to take the next step as a leader?<\/h1><\/div><\/div><div class=\"et_pb_text_17 et_pb_text et_pb_bg_layout_light et_pb_module\"><div class=\"et_pb_text_inner\" data-et-multi-view-load-tablet-hidden=\"true\" data-et-multi-view-load-phone-hidden=\"true\"><p class=\"translation-block\"><strong>Berit Bretthauer and Boardside Executive Transition<\/strong> <br> will guide you with clarity, experience, and strategic insight.\nSelect the appropriate button now and let us begin the conversation.<\/p>\n<\/div><\/div><\/div><\/div><div class=\"et_pb_row_8 et_pb_row et_flex_row\"><div class=\"et_pb_column_11 et_pb_column et_flex_column_24_24 et_flex_column et_pb_css_mix_blend_mode_passthrough\"><div class=\"et_pb_module et_pb_button_module_wrapper et_pb_button_1_wrapper\"><a class=\"et_pb_button_1 et_pb_button et_pb_bg_layout_light\" href=\"mailto:bretthauer@boardsideet.com?subject=Freeprelimianrychat&amp;body=Iwouldliketotakeadvantageofyourofferforafreepreliminaryconsultation.PleasecontactmeatEmailMobileKindregards\">Write an email<\/a><\/div><\/div><div class=\"et_pb_column_12 et_pb_column et-last-child et_flex_column_24_24 et_flex_column et_pb_css_mix_blend_mode_passthrough\"><div class=\"et_pb_module et_pb_button_module_wrapper et_pb_button_2_wrapper\"><a class=\"et_pb_button_2 et_pb_button et_pb_bg_layout_light\" href=\"https:\/\/wa.me\/4915114004979\">Send WhatsApp message<\/a><\/div><\/div><\/div><\/div>\n\n<div class=\"et_pb_section_5 et_pb_section et_section_regular et_flex_section\"><div class=\"et_pb_row_9 et_pb_row et-vb-row--no-module et_flex_row\"><div class=\"et_pb_column_13 et_pb_column et-last-child et_flex_column_24_24 et_flex_column et_pb_column_empty et_pb_css_mix_blend_mode_passthrough\"><\/div><\/div><\/div>","protected":false},"excerpt":{"rendered":"","protected":false},"author":1,"featured_media":0,"parent":0,"menu_order":0,"comment_status":"closed","ping_status":"closed","template":"","meta":{"inline_featured_image":false,"footnotes":""},"class_list":["post-1277","page","type-page","status-publish","hentry"],"yoast_head":"<!-- This site is optimized with the Yoast SEO plugin v26.2 - https:\/\/yoast.com\/wordpress\/plugins\/seo\/ -->\n<title>Home - Boardside Executive Transition<\/title>\n<meta name=\"robots\" content=\"index, follow, max-snippet:-1, max-image-preview:large, max-video-preview:-1\" \/>\n<link rel=\"canonical\" href=\"https:\/\/boardsideexecutivetransition.com\/en\/\" \/>\n<meta property=\"og:locale\" content=\"en_GB\" \/>\n<meta property=\"og:type\" content=\"article\" \/>\n<meta property=\"og:title\" content=\"Home - Boardside Executive Transition\" \/>\n<meta property=\"og:url\" content=\"https:\/\/boardsideexecutivetransition.com\/en\/\" \/>\n<meta property=\"og:site_name\" content=\"Boardside Executive Transition\" \/>\n<meta property=\"article:modified_time\" content=\"2025-11-04T11:12:17+00:00\" \/>\n<meta name=\"twitter:card\" content=\"summary_large_image\" \/>\n<script type=\"application\/ld+json\" class=\"yoast-schema-graph\">{\"@context\":\"https:\/\/schema.org\",\"@graph\":[{\"@type\":\"WebPage\",\"@id\":\"https:\/\/boardsideexecutivetransition.com\/\",\"url\":\"https:\/\/boardsideexecutivetransition.com\/\",\"name\":\"Home - Boardside Executive Transition\",\"isPartOf\":{\"@id\":\"https:\/\/boardsideexecutivetransition.com\/#website\"},\"datePublished\":\"2025-10-21T09:39:51+00:00\",\"dateModified\":\"2025-11-04T11:12:17+00:00\",\"breadcrumb\":{\"@id\":\"https:\/\/boardsideexecutivetransition.com\/#breadcrumb\"},\"inLanguage\":\"en-GB\",\"potentialAction\":[{\"@type\":\"ReadAction\",\"target\":[\"https:\/\/boardsideexecutivetransition.com\/\"]}]},{\"@type\":\"BreadcrumbList\",\"@id\":\"https:\/\/boardsideexecutivetransition.com\/#breadcrumb\",\"itemListElement\":[{\"@type\":\"ListItem\",\"position\":1,\"name\":\"Startseite\",\"item\":\"https:\/\/boardsideexecutivetransition.com\/\"},{\"@type\":\"ListItem\",\"position\":2,\"name\":\"Home\"}]},{\"@type\":\"WebSite\",\"@id\":\"https:\/\/boardsideexecutivetransition.com\/#website\",\"url\":\"https:\/\/boardsideexecutivetransition.com\/\",\"name\":\"Boardside Executive Transition\",\"description\":\"Karriere-, Business- und Lebensberatung f\u00fcr F\u00fchrungskr\u00e4fte. Beratung auf C-Level und Bewertung von F\u00fchrungsqualit\u00e4ten. Coaching an pers\u00f6nlichen und beruflichen Wendepunkten.\",\"potentialAction\":[{\"@type\":\"SearchAction\",\"target\":{\"@type\":\"EntryPoint\",\"urlTemplate\":\"https:\/\/boardsideexecutivetransition.com\/?s={search_term_string}\"},\"query-input\":{\"@type\":\"PropertyValueSpecification\",\"valueRequired\":true,\"valueName\":\"search_term_string\"}}],\"inLanguage\":\"en-GB\"}]}<\/script>\n<!-- \/ Yoast SEO plugin. -->","yoast_head_json":{"title":"Home - Boardside Executive Transition","robots":{"index":"index","follow":"follow","max-snippet":"max-snippet:-1","max-image-preview":"max-image-preview:large","max-video-preview":"max-video-preview:-1"},"canonical":"https:\/\/boardsideexecutivetransition.com\/en\/","og_locale":"en_GB","og_type":"article","og_title":"Home - Boardside Executive Transition","og_url":"https:\/\/boardsideexecutivetransition.com\/en\/","og_site_name":"Boardside Executive Transition","article_modified_time":"2025-11-04T11:12:17+00:00","twitter_card":"summary_large_image","schema":{"@context":"https:\/\/schema.org","@graph":[{"@type":"WebPage","@id":"https:\/\/boardsideexecutivetransition.com\/","url":"https:\/\/boardsideexecutivetransition.com\/","name":"Home - Boardside Executive Transition","isPartOf":{"@id":"https:\/\/boardsideexecutivetransition.com\/#website"},"datePublished":"2025-10-21T09:39:51+00:00","dateModified":"2025-11-04T11:12:17+00:00","breadcrumb":{"@id":"https:\/\/boardsideexecutivetransition.com\/#breadcrumb"},"inLanguage":"en-GB","potentialAction":[{"@type":"ReadAction","target":["https:\/\/boardsideexecutivetransition.com\/"]}]},{"@type":"BreadcrumbList","@id":"https:\/\/boardsideexecutivetransition.com\/#breadcrumb","itemListElement":[{"@type":"ListItem","position":1,"name":"Startseite","item":"https:\/\/boardsideexecutivetransition.com\/"},{"@type":"ListItem","position":2,"name":"Home"}]},{"@type":"WebSite","@id":"https:\/\/boardsideexecutivetransition.com\/#website","url":"https:\/\/boardsideexecutivetransition.com\/","name":"Boardside Executive Transition","description":"Karriere-, Business- und Lebensberatung f\u00fcr F\u00fchrungskr\u00e4fte. Beratung auf C-Level und Bewertung von F\u00fchrungsqualit\u00e4ten. Coaching an pers\u00f6nlichen und beruflichen Wendepunkten.","potentialAction":[{"@type":"SearchAction","target":{"@type":"EntryPoint","urlTemplate":"https:\/\/boardsideexecutivetransition.com\/?s={search_term_string}"},"query-input":{"@type":"PropertyValueSpecification","valueRequired":true,"valueName":"search_term_string"}}],"inLanguage":"en-GB"}]}},"_links":{"self":[{"href":"https:\/\/boardsideexecutivetransition.com\/en\/wp-json\/wp\/v2\/pages\/1277","targetHints":{"allow":["GET"]}}],"collection":[{"href":"https:\/\/boardsideexecutivetransition.com\/en\/wp-json\/wp\/v2\/pages"}],"about":[{"href":"https:\/\/boardsideexecutivetransition.com\/en\/wp-json\/wp\/v2\/types\/page"}],"author":[{"embeddable":true,"href":"https:\/\/boardsideexecutivetransition.com\/en\/wp-json\/wp\/v2\/users\/1"}],"replies":[{"embeddable":true,"href":"https:\/\/boardsideexecutivetransition.com\/en\/wp-json\/wp\/v2\/comments?post=1277"}],"version-history":[{"count":64,"href":"https:\/\/boardsideexecutivetransition.com\/en\/wp-json\/wp\/v2\/pages\/1277\/revisions"}],"predecessor-version":[{"id":1524,"href":"https:\/\/boardsideexecutivetransition.com\/en\/wp-json\/wp\/v2\/pages\/1277\/revisions\/1524"}],"wp:attachment":[{"href":"https:\/\/boardsideexecutivetransition.com\/en\/wp-json\/wp\/v2\/media?parent=1277"}],"curies":[{"name":"wp","href":"https:\/\/api.w.org\/{rel}","templated":true}]}}