{"id":116,"date":"2025-07-21T17:16:23","date_gmt":"2025-07-21T15:16:23","guid":{"rendered":"https:\/\/boardsideexecutivetransition.com\/?page_id=116"},"modified":"2025-10-30T10:32:28","modified_gmt":"2025-10-30T09:32:28","slug":"ueber-mich","status":"publish","type":"page","link":"https:\/\/boardsideexecutivetransition.com\/en\/ueber-mich\/","title":{"rendered":"About Me"},"content":{"rendered":"<div class=\"et_pb_section_0 et_pb_section et_section_regular et_block_section\">\n<div class=\"et_pb_row_0 et_pb_row et_flex_row\">\n<div class=\"et_pb_column_0 et_pb_column et_flex_column_12_24 et_flex_column_12_24_tablet et_flex_column_24_24_phone et_flex_column et_pb_css_mix_blend_mode_passthrough\">\n<div class=\"et_pb_image_0 et_pb_image et_pb_module\"><span class=\"et_pb_image_wrap\"><img loading=\"lazy\" decoding=\"async\" src=\"https:\/\/boardsideexecutivetransition.com\/wp-content\/uploads\/2025\/07\/Berit-Bretthauer-03.png\" width=\"550\" height=\"659\" srcset=\"https:\/\/boardsideexecutivetransition.com\/wp-content\/uploads\/2025\/07\/Berit-Bretthauer-03.png 550w, https:\/\/boardsideexecutivetransition.com\/wp-content\/uploads\/2025\/07\/Berit-Bretthauer-03-480x575.png 480w\" sizes=\"(min-width: 0px) and (max-width: 480px) 480px, (min-width: 481px) 550px, 100vw\" class=\"wp-image-142\" title=\"Berit-Bretthauer-03\" \/><\/span><\/div>\n\n<div class=\"et_pb_text_0 et_pb_text et_pb_bg_layout_light et_pb_module\"><div class=\"et_pb_text_inner\" data-et-multi-view-load-tablet-hidden=\"true\" data-et-multi-view-load-phone-hidden=\"true\"><h2 class=\"translation-block\">Global leadership in life sciences<\/h2>\n<\/div><\/div>\n\n<div class=\"et_pb_text_1 et_pb_text et_pb_bg_layout_light et_pb_module\"><div class=\"et_pb_text_inner\" data-et-multi-view-load-tablet-hidden=\"true\" data-et-multi-view-load-phone-hidden=\"true\"><p style=\"text-align: left;\">As head of the German life sciences team at Korn Ferry International and as a partner at Heidrick &amp; Struggles, I have gained first-hand international experience in consulting and leadership. At the same time, I have led numerous large-scale, international assessment and development projects as part of M&amp;A activities or executive development programs for Germany's largest life sciences companies.<\/p>\n<\/div><\/div>\n<\/div>\n\n<div class=\"et_pb_column_1 et_pb_column et-last-child et_flex_column_12_24 et_flex_column_12_24_tablet et_flex_column_24_24_phone et_flex_column et_pb_css_mix_blend_mode_passthrough\">\n<div class=\"et_pb_text_2 et_pb_text et_pb_bg_layout_light et_pb_module\"><div class=\"et_pb_text_inner\" data-et-multi-view-load-tablet-hidden=\"true\" data-et-multi-view-load-phone-hidden=\"true\"><h2>What distinguishes me<\/h2>\n<\/div><\/div>\n\n<div class=\"et_pb_text_3 et_pb_text et_pb_bg_layout_light et_pb_module\"><div class=\"et_pb_text_inner\" data-et-multi-view-load-tablet-hidden=\"true\" data-et-multi-view-load-phone-hidden=\"true\"><p>Inspired by my experience as a partner in executive search, career consultant and coach, Quo Vadis Career Coaching and Consulting was developed to accelerate thinking and planning for the future at a turning point in your career. As an experienced coach and long-standing partner in executive search and assessment, I will work with you on your personal and professional vision and help to put it into practice, no matter what challenges you face. It is an opportunity to re-evaluate your career, reinvent it or simply continue with a new personal and professional vision.\nAre you ready to take the next step in your leadership journey?<\/p>\n<\/div><\/div>\n\n<div class=\"et_pb_module et_pb_button_module_wrapper et_pb_button_0_wrapper\"><a class=\"et_pb_button_0 et_pb_button et_pb_bg_layout_light\" href=\"mailto:bretthauer@boardsideet.com?subject=Freeprelimianrychat&amp;body=Iwouldliketotakeadvantageofyourofferforafreepreliminaryconsultation.PleasecontactmeatEmailMobileKindregards\">Free preliminary chat<\/a><\/div>\n\n<div class=\"et_pb_text_4 et_pb_text et_pb_bg_layout_light et_pb_module\"><div class=\"et_pb_text_inner\" data-et-multi-view-load-tablet-hidden=\"true\" data-et-multi-view-load-phone-hidden=\"true\"><h4>Select a free initial consultation.<\/h4>\n<p>You will get a first impression of my approach and have the opportunity to ask questions. This non-binding conversation will help us determine whether working together is the right next step for you.<\/p>\n<\/div><\/div>\n<\/div>\n<\/div>\n<\/div>\n\n<div class=\"et_pb_section_1 et_pb_section et_section_regular et_block_section\">\n<div class=\"et_pb_row_1 et_pb_row et_pb_gutters3 et_block_row\">\n<div class=\"et_pb_column_2 et_pb_column et_pb_column_4_4 et-last-child et_block_column et_pb_css_mix_blend_mode_passthrough\">\n<div class=\"et_pb_text_5 et_pb_text et_pb_bg_layout_light et_pb_module\"><div class=\"et_pb_text_inner\" data-et-multi-view-load-tablet-hidden=\"true\" data-et-multi-view-load-phone-hidden=\"true\"><h2 style=\"text-align: left;\">Founder<\/h2>\n<div style=\"text-align: left;\">With the founding of Boardside in 2020, I am following my passion for executive coaching and assessment. At Boardside, we focus on career coaching and consulting as well on leadership assessment across a wide range of industries.\u00a0<\/div>\n<div><\/div>\n<\/div><\/div>\n<\/div>\n<\/div>\n\n<div class=\"et_pb_row_2 et_pb_row et_pb_equal_columns et_pb_gutters3 et_block_row\">\n<div class=\"et_pb_column_3 et_pb_column et_pb_column_4_4 et-last-child et_block_column et_pb_css_mix_blend_mode_passthrough\">\n<div class=\"et_pb_text_6 et_pb_text et_pb_bg_layout_light et_pb_module\"><div class=\"et_pb_text_inner\" data-et-multi-view-load-phone-hidden=\"true\"><h2 style=\"text-align: right;\">Experienced leader in top advisory firms<\/h2>\n<p style=\"text-align: right;\">As leader of the German Life Science team at Korn Ferry International and as partner at Heidrick &amp; Struggles I collected firsthand business and leadership experience at an international level. At the same time, I have been leading numerous large scale, international assessment and development projects in the context of M&amp;A activities or leadership development programs of Germany\u2019s largest LiveScience companies.<\/p>\n<\/div><\/div>\n<\/div>\n<\/div>\n\n<div class=\"et_pb_row_3 et_pb_row et_pb_gutters3 et_block_row\">\n<div class=\"et_pb_column_4 et_pb_column et_pb_column_4_4 et-last-child et_block_column et_pb_css_mix_blend_mode_passthrough\">\n<div class=\"et_pb_text_7 et_pb_text et_pb_bg_layout_light et_pb_module\"><div class=\"et_pb_text_inner\" data-et-multi-view-load-tablet-hidden=\"true\" data-et-multi-view-load-phone-hidden=\"true\"><h2 style=\"text-align: right;\">Experienced Coach with top credentials<\/h2>\n<div style=\"text-align: right;\">I am a systemic interactive coach with a degree from the artop Institute. I am also currently completing my Master's degree in Executive Coaching at Hult Ashridge. I am a certified HOGAN assessor and INHESA Master of Health and Self Care Coaching. As an associate faculty member at Ludwigshafen University of Applied Sciences, I have taught courses on human capital management and am currently teaching a course on \u2018Change and Transformation\u2019 in the Executive MA programme at BHT Berlin.<\/div>\n<div><\/div>\n<\/div><\/div>\n<\/div>\n<\/div>\n\n<div class=\"et_pb_row_4 et_pb_row et_flex_row\">\n<div class=\"et_pb_column_5 et_pb_column et-last-child et_flex_column_24_24 et_flex_column et_pb_css_mix_blend_mode_passthrough\">\n<div class=\"et_pb_text_8 et_pb_text et_pb_bg_layout_light et_pb_module\"><div class=\"et_pb_text_inner\" data-et-multi-view-load-tablet-hidden=\"true\" data-et-multi-view-load-phone-hidden=\"true\"><h2 style=\"font-weight: 400;\">High Level academic education<\/h2>\n<p>Before entering the leadership consulting world, I earned a PhD from the Free University Berlin and served as assistant professor at the university\u2019s John F. Kennedy Institute. During my three-year stay in the US, I received a Master\u2019s degree from the New School for Social Research in New York.<\/p>\n<\/div><\/div>\n<\/div>\n<\/div>\n<\/div>\n\n<div class=\"et_pb_section_2 et_pb_section et_section_regular et_flex_section\">\n<div class=\"et_pb_row_5 et_pb_row et_flex_row\">\n<div class=\"et_pb_column_6 et_pb_column et-last-child et_flex_column_24_24 et_flex_column et_pb_css_mix_blend_mode_passthrough\">\n<div class=\"et_pb_text_9 et_pb_text et_pb_bg_layout_light et_pb_module\"><div class=\"et_pb_text_inner\"><h1 style=\"text-align: center;\">Degrees and certificates<\/h1>\n<p>&nbsp;<\/p>\n<p>&nbsp;<\/p>\n<\/div><\/div>\n<\/div>\n<\/div>\n\n<div class=\"et_pb_row_6 et_pb_row et_flex_row\">\n<div class=\"et_pb_column_7 et_pb_column et_flex_column_6_24 et_flex_column_12_24_tablet et_flex_column_24_24_phone et_flex_column et_pb_css_mix_blend_mode_passthrough\">\n<div class=\"et_pb_image_1 et_pb_image et_pb_module\"><a href=\"https:\/\/www.artop.de\"><span class=\"et_pb_image_wrap\"><img loading=\"lazy\" decoding=\"async\" src=\"https:\/\/boardsideexecutivetransition.com\/wp-content\/uploads\/2025\/09\/artpop-Logo-400x400-1-scaled.jpg\" width=\"2560\" height=\"2560\" srcset=\"https:\/\/boardsideexecutivetransition.com\/wp-content\/uploads\/2025\/09\/artpop-Logo-400x400-1-scaled.jpg 2560w, https:\/\/boardsideexecutivetransition.com\/wp-content\/uploads\/2025\/09\/artpop-Logo-400x400-1-1280x1280.jpg 1280w, https:\/\/boardsideexecutivetransition.com\/wp-content\/uploads\/2025\/09\/artpop-Logo-400x400-1-980x980.jpg 980w, https:\/\/boardsideexecutivetransition.com\/wp-content\/uploads\/2025\/09\/artpop-Logo-400x400-1-480x480.jpg 480w\" sizes=\"(min-width: 0px) and (max-width: 480px) 480px, (min-width: 481px) and (max-width: 980px) 980px, (min-width: 981px) and (max-width: 1280px) 1280px, (min-width: 1281px) 2560px, 100vw\" class=\"wp-image-624\" \/><\/span><\/a><\/div>\n<\/div>\n\n<div class=\"et_pb_column_8 et_pb_column et_flex_column_6_24 et_flex_column_12_24_tablet et_flex_column_24_24_phone et_flex_column et_pb_css_mix_blend_mode_passthrough\">\n<div class=\"et_pb_image_2 et_pb_image et_pb_image_sticky_phone et_pb_module\"><a href=\"https:\/\/www.bht-berlin.de\"><span class=\"et_pb_image_wrap\"><img loading=\"lazy\" decoding=\"async\" src=\"https:\/\/boardsideexecutivetransition.com\/wp-content\/uploads\/2025\/09\/BTH-Logo-400x400-1-scaled.jpg\" width=\"2560\" height=\"2560\" srcset=\"https:\/\/boardsideexecutivetransition.com\/wp-content\/uploads\/2025\/09\/BTH-Logo-400x400-1-scaled.jpg 2560w, https:\/\/boardsideexecutivetransition.com\/wp-content\/uploads\/2025\/09\/BTH-Logo-400x400-1-1280x1280.jpg 1280w, https:\/\/boardsideexecutivetransition.com\/wp-content\/uploads\/2025\/09\/BTH-Logo-400x400-1-980x980.jpg 980w, https:\/\/boardsideexecutivetransition.com\/wp-content\/uploads\/2025\/09\/BTH-Logo-400x400-1-480x480.jpg 480w\" sizes=\"(min-width: 0px) and (max-width: 480px) 480px, (min-width: 481px) and (max-width: 980px) 980px, (min-width: 981px) and (max-width: 1280px) 1280px, (min-width: 1281px) 2560px, 100vw\" class=\"wp-image-625\" \/><\/span><\/a><\/div>\n<\/div>\n\n<div class=\"et_pb_column_9 et_pb_column et_flex_column_6_24 et_flex_column_12_24_tablet et_flex_column_24_24_phone et_flex_column et_pb_css_mix_blend_mode_passthrough\">\n<div class=\"et_pb_image_3 et_pb_image et_pb_image_sticky_phone et_pb_module\"><a href=\"https:\/\/www.fu-berlin.de\"><span class=\"et_pb_image_wrap\"><img loading=\"lazy\" decoding=\"async\" src=\"https:\/\/boardsideexecutivetransition.com\/wp-content\/uploads\/2025\/09\/Freie-Universitaet-Berlin-Logo-400x400-1-scaled.jpg\" width=\"2560\" height=\"2560\" srcset=\"https:\/\/boardsideexecutivetransition.com\/wp-content\/uploads\/2025\/09\/Freie-Universitaet-Berlin-Logo-400x400-1-scaled.jpg 2560w, https:\/\/boardsideexecutivetransition.com\/wp-content\/uploads\/2025\/09\/Freie-Universitaet-Berlin-Logo-400x400-1-1280x1280.jpg 1280w, https:\/\/boardsideexecutivetransition.com\/wp-content\/uploads\/2025\/09\/Freie-Universitaet-Berlin-Logo-400x400-1-980x980.jpg 980w, https:\/\/boardsideexecutivetransition.com\/wp-content\/uploads\/2025\/09\/Freie-Universitaet-Berlin-Logo-400x400-1-480x480.jpg 480w\" sizes=\"(min-width: 0px) and (max-width: 480px) 480px, (min-width: 481px) and (max-width: 980px) 980px, (min-width: 981px) and (max-width: 1280px) 1280px, (min-width: 1281px) 2560px, 100vw\" class=\"wp-image-626\" \/><\/span><\/a><\/div>\n<\/div>\n\n<div class=\"et_pb_column_10 et_pb_column et-last-child et_flex_column_6_24 et_flex_column_12_24_tablet et_flex_column_24_24_phone et_flex_column et_pb_css_mix_blend_mode_passthrough\">\n<div class=\"et_pb_image_4 et_pb_image et_pb_module\"><span class=\"et_pb_image_wrap\"><img loading=\"lazy\" decoding=\"async\" src=\"https:\/\/boardsideexecutivetransition.com\/wp-content\/uploads\/2025\/09\/Hochschule-Wirtschaft-Gesellschaft-Ludwigshafen-Logo400x400-scaled.jpg\" width=\"2560\" height=\"2560\" srcset=\"https:\/\/boardsideexecutivetransition.com\/wp-content\/uploads\/2025\/09\/Hochschule-Wirtschaft-Gesellschaft-Ludwigshafen-Logo400x400-scaled.jpg 2560w, https:\/\/boardsideexecutivetransition.com\/wp-content\/uploads\/2025\/09\/Hochschule-Wirtschaft-Gesellschaft-Ludwigshafen-Logo400x400-1280x1280.jpg 1280w, https:\/\/boardsideexecutivetransition.com\/wp-content\/uploads\/2025\/09\/Hochschule-Wirtschaft-Gesellschaft-Ludwigshafen-Logo400x400-980x980.jpg 980w, https:\/\/boardsideexecutivetransition.com\/wp-content\/uploads\/2025\/09\/Hochschule-Wirtschaft-Gesellschaft-Ludwigshafen-Logo400x400-480x480.jpg 480w\" sizes=\"(min-width: 0px) and (max-width: 480px) 480px, (min-width: 481px) and (max-width: 980px) 980px, (min-width: 981px) and (max-width: 1280px) 1280px, (min-width: 1281px) 2560px, 100vw\" class=\"wp-image-627\" \/><\/span><\/div>\n<\/div>\n<\/div>\n\n<div class=\"et_pb_row_7 et_pb_row et_flex_row\">\n<div class=\"et_pb_column_11 et_pb_column et_flex_column_6_24 et_flex_column_12_24_tablet et_flex_column_24_24_phone et_flex_column et_pb_css_mix_blend_mode_passthrough\">\n<div class=\"et_pb_image_5 et_pb_image et_pb_module\"><a href=\"https:\/\/www.hoganassessments.com\"><span class=\"et_pb_image_wrap\"><img loading=\"lazy\" decoding=\"async\" src=\"https:\/\/boardsideexecutivetransition.com\/wp-content\/uploads\/2025\/09\/Hogan-Logo-400x400-1-scaled.jpg\" width=\"2560\" height=\"2560\" srcset=\"https:\/\/boardsideexecutivetransition.com\/wp-content\/uploads\/2025\/09\/Hogan-Logo-400x400-1-scaled.jpg 2560w, https:\/\/boardsideexecutivetransition.com\/wp-content\/uploads\/2025\/09\/Hogan-Logo-400x400-1-1280x1280.jpg 1280w, https:\/\/boardsideexecutivetransition.com\/wp-content\/uploads\/2025\/09\/Hogan-Logo-400x400-1-980x980.jpg 980w, https:\/\/boardsideexecutivetransition.com\/wp-content\/uploads\/2025\/09\/Hogan-Logo-400x400-1-480x480.jpg 480w\" sizes=\"(min-width: 0px) and (max-width: 480px) 480px, (min-width: 481px) and (max-width: 980px) 980px, (min-width: 981px) and (max-width: 1280px) 1280px, (min-width: 1281px) 2560px, 100vw\" class=\"wp-image-628\" \/><\/span><\/a><\/div>\n<\/div>\n\n<div class=\"et_pb_column_12 et_pb_column et_flex_column_6_24 et_flex_column_12_24_tablet et_flex_column_24_24_phone et_flex_column et_pb_css_mix_blend_mode_passthrough\">\n<div class=\"et_pb_image_6 et_pb_image et_pb_module\"><span class=\"et_pb_image_wrap\"><img loading=\"lazy\" decoding=\"async\" src=\"https:\/\/boardsideexecutivetransition.com\/wp-content\/uploads\/2025\/09\/Hult-Ashridge-Center-for-Executive-Coaching-scaled.jpg\" width=\"2560\" height=\"2560\" srcset=\"https:\/\/boardsideexecutivetransition.com\/wp-content\/uploads\/2025\/09\/Hult-Ashridge-Center-for-Executive-Coaching-scaled.jpg 2560w, https:\/\/boardsideexecutivetransition.com\/wp-content\/uploads\/2025\/09\/Hult-Ashridge-Center-for-Executive-Coaching-1280x1280.jpg 1280w, https:\/\/boardsideexecutivetransition.com\/wp-content\/uploads\/2025\/09\/Hult-Ashridge-Center-for-Executive-Coaching-980x980.jpg 980w, https:\/\/boardsideexecutivetransition.com\/wp-content\/uploads\/2025\/09\/Hult-Ashridge-Center-for-Executive-Coaching-480x480.jpg 480w\" sizes=\"(min-width: 0px) and (max-width: 480px) 480px, (min-width: 481px) and (max-width: 980px) 980px, (min-width: 981px) and (max-width: 1280px) 1280px, (min-width: 1281px) 2560px, 100vw\" class=\"wp-image-629\" \/><\/span><\/div>\n<\/div>\n\n<div class=\"et_pb_column_13 et_pb_column et_flex_column_6_24 et_flex_column_12_24_tablet et_flex_column_24_24_phone et_flex_column et_pb_css_mix_blend_mode_passthrough\">\n<div class=\"et_pb_image_7 et_pb_image et_pb_module\"><span class=\"et_pb_image_wrap\"><img loading=\"lazy\" decoding=\"async\" src=\"https:\/\/boardsideexecutivetransition.com\/wp-content\/uploads\/2025\/09\/Inhesia-Logo-400x400-1-scaled.jpg\" width=\"2560\" height=\"2560\" srcset=\"https:\/\/boardsideexecutivetransition.com\/wp-content\/uploads\/2025\/09\/Inhesia-Logo-400x400-1-scaled.jpg 2560w, https:\/\/boardsideexecutivetransition.com\/wp-content\/uploads\/2025\/09\/Inhesia-Logo-400x400-1-1280x1280.jpg 1280w, https:\/\/boardsideexecutivetransition.com\/wp-content\/uploads\/2025\/09\/Inhesia-Logo-400x400-1-980x980.jpg 980w, https:\/\/boardsideexecutivetransition.com\/wp-content\/uploads\/2025\/09\/Inhesia-Logo-400x400-1-480x480.jpg 480w\" sizes=\"(min-width: 0px) and (max-width: 480px) 480px, (min-width: 481px) and (max-width: 980px) 980px, (min-width: 981px) and (max-width: 1280px) 1280px, (min-width: 1281px) 2560px, 100vw\" class=\"wp-image-630\" \/><\/span><\/div>\n<\/div>\n\n<div class=\"et_pb_column_14 et_pb_column et-last-child et_flex_column_6_24 et_flex_column_12_24_tablet et_flex_column_24_24_phone et_flex_column et_pb_css_mix_blend_mode_passthrough\">\n<div class=\"et_pb_image_8 et_pb_image et_pb_module\"><a href=\"https:\/\/www.newschool.edu\/nssr\/\"><span class=\"et_pb_image_wrap\"><img loading=\"lazy\" decoding=\"async\" src=\"https:\/\/boardsideexecutivetransition.com\/wp-content\/uploads\/2025\/09\/New-School-for-social-resarch-Logo-400x400-1-scaled.jpg\" width=\"2560\" height=\"2560\" srcset=\"https:\/\/boardsideexecutivetransition.com\/wp-content\/uploads\/2025\/09\/New-School-for-social-resarch-Logo-400x400-1-scaled.jpg 2560w, https:\/\/boardsideexecutivetransition.com\/wp-content\/uploads\/2025\/09\/New-School-for-social-resarch-Logo-400x400-1-1280x1280.jpg 1280w, https:\/\/boardsideexecutivetransition.com\/wp-content\/uploads\/2025\/09\/New-School-for-social-resarch-Logo-400x400-1-980x980.jpg 980w, https:\/\/boardsideexecutivetransition.com\/wp-content\/uploads\/2025\/09\/New-School-for-social-resarch-Logo-400x400-1-480x480.jpg 480w\" sizes=\"(min-width: 0px) and (max-width: 480px) 480px, (min-width: 481px) and (max-width: 980px) 980px, (min-width: 981px) and (max-width: 1280px) 1280px, (min-width: 1281px) 2560px, 100vw\" class=\"wp-image-631\" \/><\/span><\/a><\/div>\n<\/div>\n<\/div>\n<\/div>\n\n<div class=\"et_pb_section_3 et_pb_section et_section_regular et_flex_section et_clickable\"><div class=\"et_pb_row_8 et_pb_row et_flex_row\"><div class=\"et_pb_column_15 et_pb_column et-last-child et_flex_column_24_24 et_flex_column et_pb_css_mix_blend_mode_passthrough\"><div class=\"et_pb_heading_0 et_pb_heading et_pb_module\"><div class=\"et_pb_heading_container\"><h1 class=\"et_pb_module_header\">Are you ready to take the next step as a leader?<\/h1><\/div><\/div><div class=\"et_pb_text_10 et_pb_text et_pb_bg_layout_light et_pb_module\"><div class=\"et_pb_text_inner\" data-et-multi-view-load-tablet-hidden=\"true\" data-et-multi-view-load-phone-hidden=\"true\"><p class=\"translation-block\"><strong>Berit Bretthauer and Boardside Executive Transition<\/strong> <br> will guide you with clarity, experience, and strategic insight.\nSelect the appropriate button now and let us begin the conversation.<\/p>\n<\/div><\/div><\/div><\/div><div class=\"et_pb_row_9 et_pb_row et_flex_row\"><div class=\"et_pb_column_16 et_pb_column et_flex_column_24_24 et_flex_column et_pb_css_mix_blend_mode_passthrough\"><div class=\"et_pb_module et_pb_button_module_wrapper et_pb_button_1_wrapper\"><a class=\"et_pb_button_1 et_pb_button et_pb_bg_layout_light\" href=\"mailto:bretthauer@boardsideet.com?subject=Freeprelimianrychat&amp;body=Iwouldliketotakeadvantageofyourofferforafreepreliminaryconsultation.PleasecontactmeatEmailMobileKindregards\">Write an email<\/a><\/div><\/div><div class=\"et_pb_column_17 et_pb_column et-last-child et_flex_column_24_24 et_flex_column et_pb_css_mix_blend_mode_passthrough\"><div class=\"et_pb_module et_pb_button_module_wrapper et_pb_button_2_wrapper\"><a class=\"et_pb_button_2 et_pb_button et_pb_bg_layout_light\" href=\"https:\/\/wa.me\/4915114004979\">Send WhatsApp message<\/a><\/div><\/div><\/div><\/div>\n\n<div class=\"et_pb_section_4 et_pb_section et_section_regular et_flex_section\"><div class=\"et_pb_row_10 et_pb_row et-vb-row--no-module et_flex_row\"><div class=\"et_pb_column_18 et_pb_column et-last-child et_flex_column_24_24 et_flex_column et_pb_column_empty et_pb_css_mix_blend_mode_passthrough\"><\/div><\/div><\/div>","protected":false},"excerpt":{"rendered":"","protected":false},"author":1,"featured_media":0,"parent":0,"menu_order":0,"comment_status":"closed","ping_status":"closed","template":"","meta":{"inline_featured_image":false,"footnotes":""},"class_list":["post-116","page","type-page","status-publish","hentry"],"yoast_head":"<!-- This site is optimized with the Yoast SEO plugin v26.2 - https:\/\/yoast.com\/wordpress\/plugins\/seo\/ -->\n<title>\u00dcber mich - Boardside Executive Transition<\/title>\n<meta name=\"robots\" content=\"index, follow, max-snippet:-1, max-image-preview:large, max-video-preview:-1\" \/>\n<link rel=\"canonical\" href=\"https:\/\/boardsideexecutivetransition.com\/en\/ueber-mich\/\" \/>\n<meta property=\"og:locale\" content=\"en_GB\" \/>\n<meta property=\"og:type\" content=\"article\" \/>\n<meta property=\"og:title\" content=\"\u00dcber mich - Boardside Executive Transition\" \/>\n<meta property=\"og:url\" content=\"https:\/\/boardsideexecutivetransition.com\/en\/ueber-mich\/\" \/>\n<meta property=\"og:site_name\" content=\"Boardside Executive Transition\" \/>\n<meta property=\"article:modified_time\" content=\"2025-10-30T09:32:28+00:00\" \/>\n<meta name=\"twitter:card\" content=\"summary_large_image\" \/>\n<script type=\"application\/ld+json\" class=\"yoast-schema-graph\">{\"@context\":\"https:\/\/schema.org\",\"@graph\":[{\"@type\":\"WebPage\",\"@id\":\"https:\/\/boardsideexecutivetransition.com\/ueber-mich\/\",\"url\":\"https:\/\/boardsideexecutivetransition.com\/ueber-mich\/\",\"name\":\"\u00dcber mich - Boardside Executive Transition\",\"isPartOf\":{\"@id\":\"https:\/\/boardsideexecutivetransition.com\/#website\"},\"datePublished\":\"2025-07-21T15:16:23+00:00\",\"dateModified\":\"2025-10-30T09:32:28+00:00\",\"breadcrumb\":{\"@id\":\"https:\/\/boardsideexecutivetransition.com\/ueber-mich\/#breadcrumb\"},\"inLanguage\":\"en-GB\",\"potentialAction\":[{\"@type\":\"ReadAction\",\"target\":[\"https:\/\/boardsideexecutivetransition.com\/ueber-mich\/\"]}]},{\"@type\":\"BreadcrumbList\",\"@id\":\"https:\/\/boardsideexecutivetransition.com\/ueber-mich\/#breadcrumb\",\"itemListElement\":[{\"@type\":\"ListItem\",\"position\":1,\"name\":\"Startseite\",\"item\":\"https:\/\/boardsideexecutivetransition.com\/\"},{\"@type\":\"ListItem\",\"position\":2,\"name\":\"\u00dcber mich\"}]},{\"@type\":\"WebSite\",\"@id\":\"https:\/\/boardsideexecutivetransition.com\/#website\",\"url\":\"https:\/\/boardsideexecutivetransition.com\/\",\"name\":\"Boardside Executive Transition\",\"description\":\"Karriere-, Business- und Lebensberatung f\u00fcr F\u00fchrungskr\u00e4fte. Beratung auf C-Level und Bewertung von F\u00fchrungsqualit\u00e4ten. Coaching an pers\u00f6nlichen und beruflichen Wendepunkten.\",\"potentialAction\":[{\"@type\":\"SearchAction\",\"target\":{\"@type\":\"EntryPoint\",\"urlTemplate\":\"https:\/\/boardsideexecutivetransition.com\/?s={search_term_string}\"},\"query-input\":{\"@type\":\"PropertyValueSpecification\",\"valueRequired\":true,\"valueName\":\"search_term_string\"}}],\"inLanguage\":\"en-GB\"}]}<\/script>\n<!-- \/ Yoast SEO plugin. -->","yoast_head_json":{"title":"\u00dcber mich - Boardside Executive Transition","robots":{"index":"index","follow":"follow","max-snippet":"max-snippet:-1","max-image-preview":"max-image-preview:large","max-video-preview":"max-video-preview:-1"},"canonical":"https:\/\/boardsideexecutivetransition.com\/en\/ueber-mich\/","og_locale":"en_GB","og_type":"article","og_title":"\u00dcber mich - Boardside Executive Transition","og_url":"https:\/\/boardsideexecutivetransition.com\/en\/ueber-mich\/","og_site_name":"Boardside Executive Transition","article_modified_time":"2025-10-30T09:32:28+00:00","twitter_card":"summary_large_image","schema":{"@context":"https:\/\/schema.org","@graph":[{"@type":"WebPage","@id":"https:\/\/boardsideexecutivetransition.com\/ueber-mich\/","url":"https:\/\/boardsideexecutivetransition.com\/ueber-mich\/","name":"\u00dcber mich - Boardside Executive Transition","isPartOf":{"@id":"https:\/\/boardsideexecutivetransition.com\/#website"},"datePublished":"2025-07-21T15:16:23+00:00","dateModified":"2025-10-30T09:32:28+00:00","breadcrumb":{"@id":"https:\/\/boardsideexecutivetransition.com\/ueber-mich\/#breadcrumb"},"inLanguage":"en-GB","potentialAction":[{"@type":"ReadAction","target":["https:\/\/boardsideexecutivetransition.com\/ueber-mich\/"]}]},{"@type":"BreadcrumbList","@id":"https:\/\/boardsideexecutivetransition.com\/ueber-mich\/#breadcrumb","itemListElement":[{"@type":"ListItem","position":1,"name":"Startseite","item":"https:\/\/boardsideexecutivetransition.com\/"},{"@type":"ListItem","position":2,"name":"\u00dcber mich"}]},{"@type":"WebSite","@id":"https:\/\/boardsideexecutivetransition.com\/#website","url":"https:\/\/boardsideexecutivetransition.com\/","name":"Boardside Executive Transition","description":"Karriere-, Business- und Lebensberatung f\u00fcr F\u00fchrungskr\u00e4fte. Beratung auf C-Level und Bewertung von F\u00fchrungsqualit\u00e4ten. Coaching an pers\u00f6nlichen und beruflichen Wendepunkten.","potentialAction":[{"@type":"SearchAction","target":{"@type":"EntryPoint","urlTemplate":"https:\/\/boardsideexecutivetransition.com\/?s={search_term_string}"},"query-input":{"@type":"PropertyValueSpecification","valueRequired":true,"valueName":"search_term_string"}}],"inLanguage":"en-GB"}]}},"_links":{"self":[{"href":"https:\/\/boardsideexecutivetransition.com\/en\/wp-json\/wp\/v2\/pages\/116","targetHints":{"allow":["GET"]}}],"collection":[{"href":"https:\/\/boardsideexecutivetransition.com\/en\/wp-json\/wp\/v2\/pages"}],"about":[{"href":"https:\/\/boardsideexecutivetransition.com\/en\/wp-json\/wp\/v2\/types\/page"}],"author":[{"embeddable":true,"href":"https:\/\/boardsideexecutivetransition.com\/en\/wp-json\/wp\/v2\/users\/1"}],"replies":[{"embeddable":true,"href":"https:\/\/boardsideexecutivetransition.com\/en\/wp-json\/wp\/v2\/comments?post=116"}],"version-history":[{"count":257,"href":"https:\/\/boardsideexecutivetransition.com\/en\/wp-json\/wp\/v2\/pages\/116\/revisions"}],"predecessor-version":[{"id":1483,"href":"https:\/\/boardsideexecutivetransition.com\/en\/wp-json\/wp\/v2\/pages\/116\/revisions\/1483"}],"wp:attachment":[{"href":"https:\/\/boardsideexecutivetransition.com\/en\/wp-json\/wp\/v2\/media?parent=116"}],"curies":[{"name":"wp","href":"https:\/\/api.w.org\/{rel}","templated":true}]}}